{"id":414,"date":"2023-06-03T04:53:27","date_gmt":"2023-06-03T02:53:27","guid":{"rendered":"https:\/\/shop.naturhaus-lanz.de\/?post_type=product&#038;p=414"},"modified":"2024-07-28T08:18:50","modified_gmt":"2024-07-28T06:18:50","slug":"kugelschreiber","status":"publish","type":"product","link":"https:\/\/shop.naturhaus-lanz.de\/en\/product\/ballpoint-pen\/","title":{"rendered":"Ballpoint pen"},"content":{"rendered":"<div>\n<p>    <img decoding=\"async\" src=\"\/wp-content\/uploads\/2023\/06\/kugelschrieber-600.jpg\" alt=\"\"><\/p>\n<\/div>\n<div>\n<h1 class=\"big-border productsite-heading\"><span class=\"headline headline-span\"><b>Kugel&shy;schreiber &#8211; <\/b>by Natur&shy;haus Lanz<\/span><\/h1>\n<\/div>\n<div>\n<div><a href=\"\/kontakt\">Versand&shy;informationen<\/a><\/div>\n<div>\n<p>F\u00fcr diesen Artikel steht aktuell der Versand in die folgenden L\u00e4nder zur Verf\u00fcgung: Deutschland, Frankreich, Italien, Niederlande, Rum\u00e4nien, Slowenien, Slowakei, Spanien, \u00d6sterreich, Schweiz, Estland, Bulgarien, Lettland, Litauen, Finnland, Vereinigtes K\u00f6nigreich &amp; Schweden. Ist ihr Lieferland nicht dabei? Bitte kontaktieren Sie uns bitte \u00fcber unser <a href=\"https:\/\/shop.naturhaus-lanz.de\/kontakt\/\">Kontaktformular<\/a>.<\/p>\n\n<\/div>\n<\/div>\n<div>\n<header class=\"ce-headline-\">\n<h4 class=\"sectionheadline\"><span class=\"headline headline-span\" style=\"color: #fff;\">Technische Daten<\/span><\/h4>\n<h5 class=\"sectionheadline-subheader \"><span class=\"subheadline headline-span\">Der Kugelschreiber im Detail<\/span><\/h5>\n<\/header>\n<\/div>\n<ul>\n<li>\n<h3>Material<\/h3>\n<div>Holz<\/div>\n<\/li>\n<li>\n<h3>Lieferumfang<\/h3>\n<div>1x Kugelschreiber<\/div>\n<\/li>\n<\/ul>\n<div>\n<header class=\"ce-headline-\">\n<h4 class=\"sectionheadline \"><span class=\"headline headline-span\">Mehr entdecken<\/span><\/h4>\n<h5 class=\"sectionheadline-subheader \"><span class=\"subheadline headline-span\">Produkte f\u00fcr Ihr Blockhaus<\/span><\/h5>\n<\/header>\n<\/div>\n<div>\n<\/div>\n<p><!--more--><br \/>\n<!-- {\"type\":\"layout\",\"children\":[{\"type\":\"section\",\"props\":{\"css\":\".el-section{\\n\\tmargin-top:16px;\\n}\",\"image_position\":\"center-center\",\"padding\":\"xlarge\",\"padding_remove_bottom\":true,\"padding_remove_top\":true,\"style\":\"default\",\"title_breakpoint\":\"xl\",\"title_position\":\"top-left\",\"title_rotation\":\"left\",\"vertical_align\":\"middle\",\"width\":\"xlarge\"},\"children\":[{\"type\":\"row\",\"children\":[{\"type\":\"column\",\"props\":{\"image_position\":\"center-center\",\"position_sticky_breakpoint\":\"m\"},\"children\":[{\"type\":\"breadcrumbs\",\"props\":{\"show_current\":true,\"show_home\":true,\"text_align\":\"left\"}}]}]}]},{\"type\":\"section\",\"props\":{\"css\":\".el-section{\\n\\tmargin-top:12px;\\n}\",\"image_position\":\"center-center\",\"padding_remove_top\":true,\"style\":\"default\",\"title_breakpoint\":\"xl\",\"title_position\":\"top-left\",\"title_rotation\":\"left\",\"vertical_align\":\"middle\",\"width\":\"xlarge\"},\"children\":[{\"type\":\"row\",\"props\":{\"layout\":\"2-5,3-5\"},\"children\":[{\"type\":\"column\",\"props\":{\"image_position\":\"center-center\",\"position_sticky_breakpoint\":\"m\",\"width_medium\":\"2-5\",\"width_small\":\"2-5\"},\"children\":[{\"type\":\"gallery\",\"props\":{\"content_display\":\"lightbox\",\"filter_align\":\"left\",\"filter_all\":true,\"filter_grid_breakpoint\":\"m\",\"filter_grid_width\":\"auto\",\"filter_position\":\"top\",\"filter_style\":\"tab\",\"grid_column_gap\":\"small\",\"grid_default\":\"1\",\"grid_medium\":\"\",\"grid_row_align\":false,\"grid_row_gap\":\"small\",\"item_animation\":true,\"lightbox\":true,\"link_style\":\"default\",\"link_text\":\"\",\"margin\":\"default\",\"meta_align\":\"below-title\",\"meta_element\":\"div\",\"meta_style\":\"text-meta\",\"overlay_hover\":true,\"overlay_link\":true,\"overlay_mode\":\"cover\",\"overlay_position\":\"center\",\"overlay_style\":\"overlay-primary\",\"overlay_transition\":\"fade\",\"parallax_easing\":\"1\",\"show_content\":true,\"show_hover_image\":true,\"show_link\":true,\"show_meta\":true,\"show_title\":true,\"text_align\":\"center\",\"text_color\":\"light\",\"title_display\":\"lightbox\",\"title_element\":\"h3\",\"title_hover_style\":\"reset\"},\"children\":[{\"type\":\"gallery_item\",\"props\":{\"image\":\"wp-content\\\/uploads\\\/2023\\\/06\\\/kugelschrieber-600.jpg\"}}]}]},{\"type\":\"column\",\"props\":{\"image_position\":\"center-center\",\"position_sticky_breakpoint\":\"m\",\"width_medium\":\"3-5\",\"width_small\":\"3-5\"},\"children\":[{\"type\":\"woo_rating\"},{\"type\":\"text\",\"props\":{\"animation\":\"fade\",\"column_breakpoint\":\"m\",\"content\":\"\n\n<h1 class=\\\"big-border productsite-heading\\\"><span class=\\\"headline headline-span\\\"><b>Kugel&shy;schreiber - <\\\/b>by Natur&shy;haus Lanz<\\\/span><\\\/h1>\",\"content_en_us\":\"\n\n<h1 class=\\\"big-border productsite-heading\\\"><span class=\\\"headline headline-span\\\"><b>Ball&shy;point pen -<\\\/b> by Natur&shy;haus Lanz<\\\/span><\\\/h1>\",\"margin\":\"default\",\"maxwidth\":\"2xlarge\"}},{\"type\":\"woo_price\",\"props\":{\"css\":\".el-element .price{\\nfont-size:30px!important;\\n    margin-top:24px;\\n}\"}},{\"type\":\"woo_add_to_cart\",\"props\":{\"maxwidth\":\"xlarge\"}},{\"type\":\"alert\",\"props\":{\"content\":\"\n\n<p>[acf field=\\\"versandmitteilung\\\" post_id=\\\"598\\\"]<\\\/p>\",\"content_en_us\":\"\n\n<p>[acf field=\\\"versandmitteilung_en\\\" post_id=\\\"598\\\"]<\\\/p>\",\"content_margin\":\"remove\",\"link\":\"\\\/kontakt\",\"link_en_us\":\"https:\\\/\\\/shop.naturhaus-lanz.de\\\/en\\\/contact\\\/\",\"margin\":\"medium\",\"margin_remove_bottom\":true,\"title\":\"[acf field=\\\"versandmitteilung_titel\\\" post_id=\\\"598\\\"]\",\"title_element\":\"div\",\"title_en_us\":\"[acf field=\\\"versandmitteilung_titel_en\\\" post_id=\\\"598\\\"]\",\"title_inline\":true,\"title_style\":\"h3\"},\"name\":\"Versand-Ausland-Alert-PAKET\"}]}]}]},{\"type\":\"section\",\"props\":{\"animation\":\"fade\",\"id\":\"technische-daten\",\"image\":\"wp-content\\\/uploads\\\/2022\\\/08\\\/dichtband-background-1080.jpg\",\"image_position\":\"center-center\",\"image_size\":\"cover\",\"media_overlay\":\"rgba(68, 49, 53, 0.92)\",\"padding\":\"large\",\"style\":\"default\",\"text_color\":\"light\",\"title_breakpoint\":\"xl\",\"title_position\":\"top-left\",\"title_rotation\":\"left\",\"vertical_align\":\"middle\",\"width\":\"xlarge\"},\"children\":[{\"type\":\"row\",\"children\":[{\"type\":\"column\",\"props\":{\"image_position\":\"center-center\",\"position_sticky_breakpoint\":\"m\"},\"children\":[{\"type\":\"text\",\"props\":{\"column_breakpoint\":\"m\",\"content\":\"\n\n<header class=\\\"ce-headline-\\\">\\n\n\n<h4 class=\\\"sectionheadline\\\"><span class=\\\"headline headline-span\\\" style=\\\"color: #fff;\\\">Technische Daten<\\\/span><\\\/h4>\\n\n\n<h5 class=\\\"sectionheadline-subheader \\\"><span class=\\\"subheadline headline-span\\\">Der Kugelschreiber im Detail<\\\/span><\\\/h5>\\n<\\\/header>\",\"content_en_us\":\"\n\n<header class=\\\"ce-headline-\\\">\\n\n\n<h4 class=\\\"sectionheadline\\\"><span class=\\\"headline headline-span\\\" style=\\\"color: #fff;\\\">Technical specifications<\\\/span><\\\/h4>\\n\n\n<h5 class=\\\"sectionheadline-subheader \\\"><span class=\\\"subheadline headline-span\\\">The ballpoint pen in detail<\\\/span><\\\/h5>\\n<\\\/header>\",\"margin\":\"default\"}},{\"type\":\"description_list\",\"props\":{\"column_breakpoint\":\"m\",\"content_style\":\"text-lead\",\"layout\":\"grid-2\",\"list_element\":\"ul\",\"list_size\":\"large\",\"list_style\":\"striped\",\"meta_align\":\"below-content\",\"meta_style\":\"text-meta\",\"show_content\":true,\"show_link\":true,\"show_meta\":true,\"show_title\":true,\"title_element\":\"div\",\"title_grid_column_gap\":\"large\",\"title_grid_row_gap\":\"large\",\"title_grid_width\":\"expand\",\"title_style\":\"h4\"},\"children\":[{\"type\":\"description_list_item\",\"props\":{\"content\":\"Holz\",\"content_en_us\":\"Wood\",\"title\":\"Material\"}},{\"type\":\"description_list_item\",\"props\":{\"content\":\"1x Kugelschreiber\",\"content_en_us\":\"1x Ballpoint Pen\",\"title\":\"Lieferumfang\",\"title_en_us\":\"Scope of Delivery\"}}]}]}]}],\"name\":\"Datenblatt\"},{\"type\":\"section\",\"props\":{\"image_position\":\"center-center\",\"style\":\"default\",\"title_breakpoint\":\"xl\",\"title_position\":\"top-left\",\"title_rotation\":\"left\",\"vertical_align\":\"middle\",\"width\":\"xlarge\"},\"children\":[{\"type\":\"row\",\"children\":[{\"type\":\"column\",\"props\":{\"image_position\":\"center-center\",\"position_sticky_breakpoint\":\"m\"},\"children\":[{\"type\":\"text\",\"props\":{\"column_breakpoint\":\"m\",\"content\":\"\n\n<header class=\\\"ce-headline-\\\">\n\n<h4 class=\\\"sectionheadline \\\"><span class=\\\"headline headline-span\\\">Mehr entdecken<\\\/span><\\\/h4>\n\n<h5 class=\\\"sectionheadline-subheader \\\"><span class=\\\"subheadline headline-span\\\">Produkte f\\u00fcr Ihr Blockhaus<\\\/span><\\\/h5><\\\/header>\",\"content_en_us\":\"\n\n<header class=\\\"ce-headline-\\\">\n\n<h4 class=\\\"sectionheadline \\\"><span class=\\\"headline headline-span\\\">Explore More<\\\/span><\\\/h4>\n\n<h5 class=\\\"sectionheadline-subheader \\\"><span class=\\\"subheadline headline-span\\\">Products for your log home<\\\/span><\\\/h5><\\\/header>\",\"margin\":\"default\"}},{\"type\":\"grid\",\"props\":{\"content_column_breakpoint\":\"m\",\"filter_align\":\"left\",\"filter_all\":true,\"filter_grid_breakpoint\":\"m\",\"filter_grid_width\":\"auto\",\"filter_position\":\"top\",\"filter_style\":\"tab\",\"grid_default\":\"1\",\"grid_medium\":\"3\",\"icon_width\":80,\"image_align\":\"top\",\"image_grid_breakpoint\":\"m\",\"image_grid_width\":\"1-2\",\"image_svg_color\":\"emphasis\",\"item_animation\":true,\"link_fullwidth\":true,\"link_style\":\"primary\",\"link_text\":\"Zum Produkt\",\"margin\":\"default\",\"meta_align\":\"below-title\",\"meta_element\":\"div\",\"meta_style\":\"text-meta\",\"parallax_easing\":\"1\",\"show_content\":true,\"show_image\":true,\"show_link\":true,\"show_meta\":true,\"show_title\":true,\"title_align\":\"top\",\"title_element\":\"h4\",\"title_grid_breakpoint\":\"m\",\"title_grid_width\":\"1-2\",\"title_hover_style\":\"reset\"},\"children\":[{\"type\":\"grid_item\",\"props\":{\"link_text\":\"Zum Produkt\",\"link_text_en_us\":\"Show\"},\"source\":{\"query\":{\"name\":\"products.customProducts\",\"arguments\":{\"terms\":[19,48,41],\"product_cat_operator\":\"IN\",\"product_tag_operator\":\"IN\",\"product_visibility_operator\":\"IN\",\"users\":[],\"users_operator\":\"IN\",\"offset\":0,\"limit\":10,\"order\":\"date\",\"order_direction\":\"DESC\"}},\"props\":{\"title\":{\"filters\":{\"search\":\"\"},\"name\":\"title\"},\"image\":{\"filters\":{\"search\":\"\"},\"name\":\"featuredImage.url\"},\"image_alt\":{\"filters\":{\"search\":\"\"},\"name\":\"featuredImage.alt\"},\"link\":{\"filters\":{\"search\":\"\"},\"name\":\"link\"}}}}]}]}]}]}],\"version\":\"4.0.11\"} --><\/p>\n","protected":false},"excerpt":{"rendered":"<p>Kugel&shy;schreiber &#8211; by Natur&shy;haus Lanz Versand&shy;informationen F\u00fcr diesen Artikel steht aktuell der Versand in die folgenden L\u00e4nder zur Verf\u00fcgung: Deutschland, Frankreich, Italien, Niederlande, Rum\u00e4nien, Slowenien, Slowakei, Spanien, \u00d6sterreich, Schweiz, Estland, Bulgarien, Lettland, Litauen, Finnland, Vereinigtes K\u00f6nigreich &amp; Schweden. Ist ihr Lieferland nicht dabei? Bitte kontaktieren Sie uns bitte \u00fcber unser Kontaktformular. Technische Daten Der Kugelschreiber [&hellip;]<\/p>\n","protected":false},"featured_media":415,"template":"","meta":{"_acf_changed":false},"product_brand":[],"product_cat":[115],"product_tag":[101],"class_list":{"0":"post-414","1":"product","2":"type-product","3":"status-publish","4":"has-post-thumbnail","6":"product_cat-merchandise","7":"product_tag-kugelschreiber","8":"product_shipping_class-zubehoer","10":"first","11":"instock","12":"taxable","13":"shipping-taxable","14":"purchasable","15":"product-type-simple"},"acf":[],"yoast_head":"<title>Ballpoint pen by Naturhaus Lanz - Writing with style and comfort - Naturhaus Lanz Shop<\/title>\n<meta name=\"description\" content=\"Experience quality with the Naturhaus Lanz ballpoint pen. Perfect for everyday use, offers a premium writing experience.\" \/>\n<meta name=\"robots\" content=\"index, follow, max-snippet:-1, max-image-preview:large, max-video-preview:-1\" \/>\n<link rel=\"canonical\" href=\"http:\/\/Kugel&shy;schreiber%20-%20by%20Natur&shy;haus%20Lanz%20[acf%20field=versandmitteilung_titel%20post_id=598]%20[acf%20field=versandmitteilung%20post_id=598]%20Technische%20Daten%20Der%20Kugelschreiber%20im%20Detail%20Material%20Holz%20Lieferumfang%201x%20Kugelschreiber%20Mehr%20entdeckenProdukte%20f\u00fcr%20Ihr%20Blockhaus\" \/>\n<meta property=\"og:locale\" content=\"en_US\" \/>\n<meta property=\"og:type\" content=\"article\" \/>\n<meta property=\"og:title\" content=\"Ballpoint pen by Naturhaus Lanz - Writing with style and comfort - Naturhaus Lanz Shop\" \/>\n<meta property=\"og:description\" content=\"Experience quality with the Naturhaus Lanz ballpoint pen. Perfect for everyday use, offers a premium writing experience.\" \/>\n<meta property=\"og:url\" content=\"https:\/\/shop.naturhaus-lanz.de\/en\/product\/ballpoint-pen\/\" \/>\n<meta property=\"og:site_name\" content=\"Naturhaus Lanz Shop\" \/>\n<meta property=\"article:publisher\" content=\"https:\/\/www.facebook.com\/naturhauslanz\" \/>\n<meta property=\"article:modified_time\" content=\"2024-07-28T06:18:50+00:00\" \/>\n<meta property=\"og:image\" content=\"https:\/\/shop.naturhaus-lanz.de\/wp-content\/uploads\/2023\/06\/kugelschrieber-600.jpg\" \/>\n\t<meta property=\"og:image:width\" content=\"600\" \/>\n\t<meta property=\"og:image:height\" content=\"600\" \/>\n\t<meta property=\"og:image:type\" content=\"image\/jpeg\" \/>\n<meta name=\"twitter:card\" content=\"summary_large_image\" \/>\n<meta name=\"twitter:label1\" content=\"Est. reading time\" \/>\n\t<meta name=\"twitter:data1\" content=\"1 minute\" \/>\n<script type=\"application\/ld+json\" class=\"yoast-schema-graph\">{\"@context\":\"https:\\\/\\\/schema.org\",\"@graph\":[{\"@type\":\"WebPage\",\"@id\":\"https:\\\/\\\/shop.naturhaus-lanz.de\\\/en\\\/product\\\/ballpoint-pen\\\/\",\"url\":\"https:\\\/\\\/shop.naturhaus-lanz.de\\\/en\\\/product\\\/ballpoint-pen\\\/\",\"name\":\"Kugelschreiber by Naturhaus Lanz - Schreiben mit Stil und Komfort - Naturhaus Lanz Shop\",\"isPartOf\":{\"@id\":\"https:\\\/\\\/shop.naturhaus-lanz.de\\\/#website\"},\"primaryImageOfPage\":{\"@id\":\"https:\\\/\\\/shop.naturhaus-lanz.de\\\/en\\\/product\\\/ballpoint-pen\\\/#primaryimage\"},\"image\":{\"@id\":\"https:\\\/\\\/shop.naturhaus-lanz.de\\\/en\\\/product\\\/ballpoint-pen\\\/#primaryimage\"},\"thumbnailUrl\":\"https:\\\/\\\/shop.naturhaus-lanz.de\\\/wp-content\\\/uploads\\\/2023\\\/06\\\/kugelschrieber-600.jpg\",\"datePublished\":\"2023-06-03T02:53:27+00:00\",\"dateModified\":\"2024-07-28T06:18:50+00:00\",\"description\":\"Erleben Sie die Qualit\u00e4t mit dem Naturhaus Lanz Kugelschreiber. Perfekt f\u00fcr t\u00e4glichen Gebrauch, bietet ein erstklassiges Schreibgef\u00fchl.\",\"breadcrumb\":{\"@id\":\"https:\\\/\\\/shop.naturhaus-lanz.de\\\/en\\\/product\\\/ballpoint-pen\\\/#breadcrumb\"},\"inLanguage\":\"en-US\",\"potentialAction\":[{\"@type\":\"ReadAction\",\"target\":[\"https:\\\/\\\/shop.naturhaus-lanz.de\\\/en\\\/product\\\/ballpoint-pen\\\/\"]}]},{\"@type\":\"ImageObject\",\"inLanguage\":\"en-US\",\"@id\":\"https:\\\/\\\/shop.naturhaus-lanz.de\\\/en\\\/product\\\/ballpoint-pen\\\/#primaryimage\",\"url\":\"https:\\\/\\\/shop.naturhaus-lanz.de\\\/wp-content\\\/uploads\\\/2023\\\/06\\\/kugelschrieber-600.jpg\",\"contentUrl\":\"https:\\\/\\\/shop.naturhaus-lanz.de\\\/wp-content\\\/uploads\\\/2023\\\/06\\\/kugelschrieber-600.jpg\",\"width\":600,\"height\":600},{\"@type\":\"BreadcrumbList\",\"@id\":\"https:\\\/\\\/shop.naturhaus-lanz.de\\\/en\\\/product\\\/ballpoint-pen\\\/#breadcrumb\",\"itemListElement\":[{\"@type\":\"ListItem\",\"position\":1,\"name\":\"Naturhaus Lanz Shop\",\"item\":\"https:\\\/\\\/shop.naturhaus-lanz.de\\\/\"},{\"@type\":\"ListItem\",\"position\":2,\"name\":\"Produkte f\u00fcr Ihr Blockhaus\",\"item\":\"https:\\\/\\\/shop.naturhaus-lanz.de\\\/shop\\\/\"},{\"@type\":\"ListItem\",\"position\":3,\"name\":\"Ballpoint pen\"}]},{\"@type\":\"WebSite\",\"@id\":\"https:\\\/\\\/shop.naturhaus-lanz.de\\\/en\\\/#website\",\"url\":\"https:\\\/\\\/shop.naturhaus-lanz.de\\\/en\\\/\",\"name\":\"Naturhaus Lanz Shop\",\"description\":\"Produkte f\u00fcr Ihr Blockhaus\",\"publisher\":{\"@id\":\"https:\\\/\\\/shop.naturhaus-lanz.de\\\/en\\\/#organization\"},\"potentialAction\":[{\"@type\":\"SearchAction\",\"target\":{\"@type\":\"EntryPoint\",\"urlTemplate\":\"https:\\\/\\\/shop.naturhaus-lanz.de\\\/en\\\/?s={search_term_string}\"},\"query-input\":{\"@type\":\"PropertyValueSpecification\",\"valueRequired\":true,\"valueName\":\"search_term_string\"}}],\"inLanguage\":\"en-US\"},{\"@type\":\"Organization\",\"@id\":\"https:\\\/\\\/shop.naturhaus-lanz.de\\\/en\\\/#organization\",\"name\":\"Naturhaus Lanz Shop\",\"url\":\"https:\\\/\\\/shop.naturhaus-lanz.de\\\/en\\\/\",\"logo\":{\"@type\":\"ImageObject\",\"inLanguage\":\"en-US\",\"@id\":\"https:\\\/\\\/shop.naturhaus-lanz.de\\\/en\\\/#\\\/schema\\\/logo\\\/image\\\/\",\"url\":\"https:\\\/\\\/shop.naturhaus-lanz.de\\\/wp-content\\\/uploads\\\/2023\\\/05\\\/Naturhaus_Lanz_Logo_RGB.png\",\"contentUrl\":\"https:\\\/\\\/shop.naturhaus-lanz.de\\\/wp-content\\\/uploads\\\/2023\\\/05\\\/Naturhaus_Lanz_Logo_RGB.png\",\"width\":312,\"height\":186,\"caption\":\"Naturhaus Lanz Shop\"},\"image\":{\"@id\":\"https:\\\/\\\/shop.naturhaus-lanz.de\\\/en\\\/#\\\/schema\\\/logo\\\/image\\\/\"},\"sameAs\":[\"https:\\\/\\\/www.facebook.com\\\/naturhauslanz\",\"https:\\\/\\\/www.instagram.com\\\/naturhaus_lanz\"]}]}<\/script>","yoast_head_json":{"title":"Ballpoint pen by Naturhaus Lanz - Writing with style and comfort - Naturhaus Lanz Shop","description":"Experience quality with the Naturhaus Lanz ballpoint pen. Perfect for everyday use, offers a premium writing experience.","robots":{"index":"index","follow":"follow","max-snippet":"max-snippet:-1","max-image-preview":"max-image-preview:large","max-video-preview":"max-video-preview:-1"},"canonical":"Kugel&shy;schreiber - by Natur&shy;haus Lanz [acf field=\"versandmitteilung_titel\" post_id=\"598\"] [acf field=\"versandmitteilung\" post_id=\"598\"] Technische Daten Der Kugelschreiber im Detail Material Holz Lieferumfang 1x Kugelschreiber Mehr entdeckenProdukte f\u00fcr Ihr Blockhaus","og_locale":"en_US","og_type":"article","og_title":"Ballpoint pen by Naturhaus Lanz - Writing with style and comfort - Naturhaus Lanz Shop","og_description":"Experience quality with the Naturhaus Lanz ballpoint pen. Perfect for everyday use, offers a premium writing experience.","og_url":"https:\/\/shop.naturhaus-lanz.de\/en\/product\/ballpoint-pen\/","og_site_name":"Naturhaus Lanz Shop","article_publisher":"https:\/\/www.facebook.com\/naturhauslanz","article_modified_time":"2024-07-28T06:18:50+00:00","og_image":[{"width":600,"height":600,"url":"https:\/\/shop.naturhaus-lanz.de\/wp-content\/uploads\/2023\/06\/kugelschrieber-600.jpg","type":"image\/jpeg"}],"twitter_card":"summary_large_image","twitter_misc":{"Est. reading time":"1 minute"},"schema":{"@context":"https:\/\/schema.org","@graph":[{"@type":"WebPage","@id":"https:\/\/shop.naturhaus-lanz.de\/en\/product\/ballpoint-pen\/","url":"https:\/\/shop.naturhaus-lanz.de\/en\/product\/ballpoint-pen\/","name":"Kugelschreiber by Naturhaus Lanz - Schreiben mit Stil und Komfort - Naturhaus Lanz Shop","isPartOf":{"@id":"https:\/\/shop.naturhaus-lanz.de\/#website"},"primaryImageOfPage":{"@id":"https:\/\/shop.naturhaus-lanz.de\/en\/product\/ballpoint-pen\/#primaryimage"},"image":{"@id":"https:\/\/shop.naturhaus-lanz.de\/en\/product\/ballpoint-pen\/#primaryimage"},"thumbnailUrl":"https:\/\/shop.naturhaus-lanz.de\/wp-content\/uploads\/2023\/06\/kugelschrieber-600.jpg","datePublished":"2023-06-03T02:53:27+00:00","dateModified":"2024-07-28T06:18:50+00:00","description":"Erleben Sie die Qualit\u00e4t mit dem Naturhaus Lanz Kugelschreiber. Perfekt f\u00fcr t\u00e4glichen Gebrauch, bietet ein erstklassiges Schreibgef\u00fchl.","breadcrumb":{"@id":"https:\/\/shop.naturhaus-lanz.de\/en\/product\/ballpoint-pen\/#breadcrumb"},"inLanguage":"en-US","potentialAction":[{"@type":"ReadAction","target":["https:\/\/shop.naturhaus-lanz.de\/en\/product\/ballpoint-pen\/"]}]},{"@type":"ImageObject","inLanguage":"en-US","@id":"https:\/\/shop.naturhaus-lanz.de\/en\/product\/ballpoint-pen\/#primaryimage","url":"https:\/\/shop.naturhaus-lanz.de\/wp-content\/uploads\/2023\/06\/kugelschrieber-600.jpg","contentUrl":"https:\/\/shop.naturhaus-lanz.de\/wp-content\/uploads\/2023\/06\/kugelschrieber-600.jpg","width":600,"height":600},{"@type":"BreadcrumbList","@id":"https:\/\/shop.naturhaus-lanz.de\/en\/product\/ballpoint-pen\/#breadcrumb","itemListElement":[{"@type":"ListItem","position":1,"name":"Naturhaus Lanz Shop","item":"https:\/\/shop.naturhaus-lanz.de\/"},{"@type":"ListItem","position":2,"name":"Produkte f\u00fcr Ihr Blockhaus","item":"https:\/\/shop.naturhaus-lanz.de\/shop\/"},{"@type":"ListItem","position":3,"name":"Ballpoint pen"}]},{"@type":"WebSite","@id":"https:\/\/shop.naturhaus-lanz.de\/en\/#website","url":"https:\/\/shop.naturhaus-lanz.de\/en\/","name":"Naturhaus Lanz Shop","description":"Produkte f\u00fcr Ihr Blockhaus","publisher":{"@id":"https:\/\/shop.naturhaus-lanz.de\/en\/#organization"},"potentialAction":[{"@type":"SearchAction","target":{"@type":"EntryPoint","urlTemplate":"https:\/\/shop.naturhaus-lanz.de\/en\/?s={search_term_string}"},"query-input":{"@type":"PropertyValueSpecification","valueRequired":true,"valueName":"search_term_string"}}],"inLanguage":"en-US"},{"@type":"Organization","@id":"https:\/\/shop.naturhaus-lanz.de\/en\/#organization","name":"Naturhaus Lanz Shop","url":"https:\/\/shop.naturhaus-lanz.de\/en\/","logo":{"@type":"ImageObject","inLanguage":"en-US","@id":"https:\/\/shop.naturhaus-lanz.de\/en\/#\/schema\/logo\/image\/","url":"https:\/\/shop.naturhaus-lanz.de\/wp-content\/uploads\/2023\/05\/Naturhaus_Lanz_Logo_RGB.png","contentUrl":"https:\/\/shop.naturhaus-lanz.de\/wp-content\/uploads\/2023\/05\/Naturhaus_Lanz_Logo_RGB.png","width":312,"height":186,"caption":"Naturhaus Lanz Shop"},"image":{"@id":"https:\/\/shop.naturhaus-lanz.de\/en\/#\/schema\/logo\/image\/"},"sameAs":["https:\/\/www.facebook.com\/naturhauslanz","https:\/\/www.instagram.com\/naturhaus_lanz"]}]}},"_links":{"self":[{"href":"https:\/\/shop.naturhaus-lanz.de\/en\/wp-json\/wp\/v2\/product\/414","targetHints":{"allow":["GET"]}}],"collection":[{"href":"https:\/\/shop.naturhaus-lanz.de\/en\/wp-json\/wp\/v2\/product"}],"about":[{"href":"https:\/\/shop.naturhaus-lanz.de\/en\/wp-json\/wp\/v2\/types\/product"}],"wp:featuredmedia":[{"embeddable":true,"href":"https:\/\/shop.naturhaus-lanz.de\/en\/wp-json\/wp\/v2\/media\/415"}],"wp:attachment":[{"href":"https:\/\/shop.naturhaus-lanz.de\/en\/wp-json\/wp\/v2\/media?parent=414"}],"wp:term":[{"taxonomy":"product_brand","embeddable":true,"href":"https:\/\/shop.naturhaus-lanz.de\/en\/wp-json\/wp\/v2\/product_brand?post=414"},{"taxonomy":"product_cat","embeddable":true,"href":"https:\/\/shop.naturhaus-lanz.de\/en\/wp-json\/wp\/v2\/product_cat?post=414"},{"taxonomy":"product_tag","embeddable":true,"href":"https:\/\/shop.naturhaus-lanz.de\/en\/wp-json\/wp\/v2\/product_tag?post=414"}],"curies":[{"name":"wp","href":"https:\/\/api.w.org\/{rel}","templated":true}]}}