{"id":256,"date":"2022-07-15T09:48:52","date_gmt":"2022-07-15T09:48:52","guid":{"rendered":"https:\/\/shop.naturhaus-lanz.de\/?page_id=256"},"modified":"2025-02-25T13:59:19","modified_gmt":"2025-02-25T11:59:19","slug":"kontakt","status":"publish","type":"page","link":"https:\/\/shop.naturhaus-lanz.de\/en\/contact\/","title":{"rendered":"Contact"},"content":{"rendered":"<div>\n<header class=\"ce-headline-\">\n<h2 class=\"big-border\"><span class=\"headline headline-span\">Wir freuen uns auf Ihre <b>Kontakt&shy;anfrage<\/b><\/span><\/h2>\n<\/header>\n<\/div>\n<div>\n<p>Sie haben Fragen, ben\u00f6tigen Unterst\u00fctzung oder m\u00f6chten mehr \u00fcber unsere Produkte erfahren? Wir sind gerne f\u00fcr Sie da! Nutzen Sie einfach das untenstehende Formular, um uns eine unverbindliche Kontaktanfrage zu senden. Das Naturhaus Lanz Team freut sich darauf, von Ihnen zu h\u00f6ren und steht Ihnen mit Rat und Tat zur Seite.<\/p>\n<\/div>\n<div><div class=\"wpforms-container wpforms-container-full\" id=\"wpforms-509\"><form id=\"wpforms-form-509\" class=\"wpforms-validate wpforms-form wpforms-ajax-form\" data-formid=\"509\" method=\"post\" enctype=\"multipart\/form-data\" action=\"\/en\/wp-json\/wp\/v2\/pages\/256\" data-token=\"90221cdfe90bb0e6e36ac57b2317d304\" data-token-time=\"1776678922\"><noscript class=\"wpforms-error-noscript\">Please enable JavaScript in your browser to complete this form.<\/noscript><div class=\"wpforms-field-container\"><div id=\"wpforms-509-field_1-container\" class=\"wpforms-field wpforms-field-text wpforms-one-half wpforms-first\" data-field-id=\"1\"><label class=\"wpforms-field-label\" for=\"wpforms-509-field_1\">Vorname<\/label><input type=\"text\" id=\"wpforms-509-field_1\" class=\"wpforms-field-large\" name=\"wpforms[fields][1]\" ><\/div><div id=\"wpforms-509-field_2-container\" class=\"wpforms-field wpforms-field-text wpforms-one-half\" data-field-id=\"2\"><label class=\"wpforms-field-label\" for=\"wpforms-509-field_2\">Nachname<\/label><input type=\"text\" id=\"wpforms-509-field_2\" class=\"wpforms-field-large\" name=\"wpforms[fields][2]\" ><\/div><div id=\"wpforms-509-field_3-container\" class=\"wpforms-field wpforms-field-text\" data-field-id=\"3\"><label class=\"wpforms-field-label\" for=\"wpforms-509-field_3\">Firma<\/label><input type=\"text\" id=\"wpforms-509-field_3\" class=\"wpforms-field-large\" name=\"wpforms[fields][3]\" ><\/div><div id=\"wpforms-509-field_6-container\" class=\"wpforms-field wpforms-field-email wpforms-one-half wpforms-first\" data-field-id=\"6\"><label class=\"wpforms-field-label\" for=\"wpforms-509-field_6\">E-Mail <span class=\"wpforms-required-label\">*<\/span><\/label><input type=\"email\" id=\"wpforms-509-field_6\" class=\"wpforms-field-large wpforms-field-required\" name=\"wpforms[fields][6]\" spellcheck=\"false\" required><\/div><div id=\"wpforms-509-field_5-container\" class=\"wpforms-field wpforms-field-text wpforms-one-half\" data-field-id=\"5\"><label class=\"wpforms-field-label\" for=\"wpforms-509-field_5\">Telefon<\/label><input type=\"text\" id=\"wpforms-509-field_5\" class=\"wpforms-field-large\" name=\"wpforms[fields][5]\" ><\/div><div id=\"wpforms-509-field_7-container\" class=\"wpforms-field wpforms-field-textarea\" data-field-id=\"7\"><label class=\"wpforms-field-label\" for=\"wpforms-509-field_7\">Ihre Nachricht <span class=\"wpforms-required-label\">*<\/span><\/label><textarea id=\"wpforms-509-field_7\" class=\"wpforms-field-large wpforms-field-required\" name=\"wpforms[fields][7]\" required><\/textarea><\/div><div id=\"wpforms-509-field_12-container\" class=\"wpforms-field wpforms-field-checkbox\" data-field-id=\"12\"><label class=\"wpforms-field-label wpforms-label-hide\">Datenschutz <span class=\"wpforms-required-label\">*<\/span><\/label><ul id=\"wpforms-509-field_12\" class=\"wpforms-field-required\"><li class=\"choice-1 depth-1\"><input type=\"checkbox\" id=\"wpforms-509-field_12_1\" name=\"wpforms[fields][12][]\" value=\"Ich habe die &lt;a href=&quot;\/datenschutz&quot; target=&quot;_blank&quot;&gt;Datenschutzbestimmungen&lt;\/a&gt; gelesen und akzeptiert\" required ><label class=\"wpforms-field-label-inline\" for=\"wpforms-509-field_12_1\">Ich habe die <a href=\"\/datenschutz\" target=\"_blank\">Datenschutzbestimmungen<\/a> gelesen und akzeptiert<\/label><\/li><\/ul><\/div><\/div><!-- .wpforms-field-container --><div class=\"wpforms-recaptcha-container wpforms-is-turnstile\" ><div class=\"wpforms-turnstile\" data-sitekey=\"0x4AAAAAAAVHilrAmwTZTNUc\" data-action=\"FormID-509\"><\/div><input type=\"text\" name=\"g-recaptcha-hidden\" class=\"wpforms-recaptcha-hidden\" style=\"position:absolute!important;clip:rect(0,0,0,0)!important;height:1px!important;width:1px!important;border:0!important;overflow:hidden!important;padding:0!important;margin:0!important;\" data-rule-turnstile=\"1\"><\/div><div class=\"wpforms-submit-container\" ><input type=\"hidden\" name=\"wpforms[id]\" value=\"509\"><input type=\"hidden\" name=\"page_title\" value=\"\"><input type=\"hidden\" name=\"page_url\" value=\"https:\/\/shop.naturhaus-lanz.de\/en\/wp-json\/wp\/v2\/pages\/256\"><input type=\"hidden\" name=\"url_referer\" value=\"\"><button type=\"submit\" name=\"wpforms[submit]\" id=\"wpforms-submit-509\" class=\"wpforms-submit kontaktbutton\" data-alt-text=\"Sende...\" data-submit-text=\"Absenden\" aria-live=\"assertive\" value=\"wpforms-submit\">Absenden<\/button><img loading=\"lazy\" decoding=\"async\" src=\"https:\/\/shop.naturhaus-lanz.de\/wp-content\/plugins\/wpforms\/assets\/images\/submit-spin.svg\" class=\"wpforms-submit-spinner\" style=\"display: none;\" width=\"26\" height=\"26\" alt=\"Loading\"><\/div><\/form><\/div>  <!-- .wpforms-container --><\/div>\n<h3>Ihr Ansprech&shy;partner<\/h3>\n<div>\n<h4>Olaf Lanz<\/h4>\n<p><b>T<\/b> <a href=\"tel:+4974733793843\" class=\"footer-kontakt-link\">+49 (0) 7473 3793 843<\/a><br \/><b>E<\/b> <a href=\"mailto:info@naturhaus-lanz.de\" class=\"footer-kontakt-link\">info@naturhaus-lanz.de<\/a><\/p>\n<\/div>\n<p><!--more--><br \/>\n<!-- {\"type\":\"layout\",\"children\":[{\"type\":\"section\",\"props\":{\"animation\":\"fade\",\"id\":\"anfragen\",\"image_position\":\"center-center\",\"padding\":\"large\",\"style\":\"default\",\"title_breakpoint\":\"xl\",\"title_position\":\"top-left\",\"title_rotation\":\"left\",\"vertical_align\":\"\",\"width\":\"xlarge\"},\"children\":[{\"type\":\"row\",\"children\":[{\"type\":\"column\",\"props\":{\"image_position\":\"center-center\",\"position_sticky_breakpoint\":\"m\"},\"children\":[{\"type\":\"text\",\"props\":{\"column_breakpoint\":\"m\",\"content\":\"\n\n<header class=\\\"ce-headline-\\\">\\n\n\n<h2 class=\\\"big-border\\\"><span class=\\\"headline headline-span\\\">Wir freuen uns auf Ihre <b>Kontakt&shy;anfrage<\\\/b><\\\/span><\\\/h2>\\n<\\\/header>\",\"content_en_us\":\"\n\n<header class=\\\"ce-headline-\\\">\\n\n\n<h2 class=\\\"big-border\\\"><span class=\\\"headline headline-span\\\">We are looking forward to your <b>contact request<\\\/b><\\\/span><\\\/h2>\\n<\\\/header>\\n\",\"margin\":\"default\"}}]}]},{\"type\":\"row\",\"props\":{\"layout\":\"2-3,1-3\"},\"children\":[{\"type\":\"column\",\"props\":{\"image_position\":\"center-center\",\"position_sticky_breakpoint\":\"m\",\"width_medium\":\"2-3\"},\"children\":[{\"type\":\"text\",\"props\":{\"column_breakpoint\":\"m\",\"content\":\"\n\n<p>Sie haben Fragen, ben\\u00f6tigen Unterst\\u00fctzung oder m\\u00f6chten mehr \\u00fcber unsere Produkte erfahren? Wir sind gerne f\\u00fcr Sie da! Nutzen Sie einfach das untenstehende Formular, um uns eine unverbindliche Kontaktanfrage zu senden. Das Naturhaus Lanz Team freut sich darauf, von Ihnen zu h\\u00f6ren und steht Ihnen mit Rat und Tat zur Seite.<\\\/p>\",\"content_en_us\":\"\n\n<p>You have questions, need support or want to learn more about our products? We are happy to be there for you! Simply use the form below to send us a no-obligation contact request. The Naturhaus Lanz team is looking forward to hearing from you and will be happy to assist you in word and deed.<\\\/p>\",\"margin\":\"default\"}},{\"type\":\"text\",\"props\":{\"column_breakpoint\":\"m\",\"content\":\"[wpforms id=\\\"509\\\" title=\\\"false\\\"]\",\"content_en_us\":\"[wpforms id=\\\"93\\\" title=\\\"false\\\"]\",\"margin\":\"default\"}}]},{\"type\":\"column\",\"props\":{\"image_position\":\"center-center\",\"position_sticky_breakpoint\":\"m\",\"width_medium\":\"1-3\"},\"children\":[{\"type\":\"headline\",\"props\":{\"content\":\"Ihr Ansprech&shy;partner\",\"content_en_us\":\"Your contact&shy;partner\",\"maxwidth\":\"medium\",\"title_element\":\"h3\",\"title_style\":\"h3\"}},{\"type\":\"text\",\"props\":{\"column_breakpoint\":\"m\",\"content\":\"\n\n<h4>Olaf Lanz<\\\/h4>\\n\n\n<p><b>T<\\\/b> <a href=\\\"tel:+4974733793843\\\" class=\\\"footer-kontakt-link\\\">+49 (0) 7473 3793 843<\\\/a><br \\\/><b>E<\\\/b> <a href=\\\"mailto:info@naturhaus-lanz.de\\\" class=\\\"footer-kontakt-link\\\">info@naturhaus-lanz.de<\\\/a><\\\/p>\",\"margin\":\"default\"}}]}]}],\"name\":\"KontaktBox\"}],\"version\":\"4.4.7\"} --><\/p>\n","protected":false},"excerpt":{"rendered":"<p>Wir freuen uns auf Ihre Kontakt&shy;anfrage Sie haben Fragen, ben\u00f6tigen Unterst\u00fctzung oder m\u00f6chten mehr \u00fcber unsere Produkte erfahren? Wir sind gerne f\u00fcr Sie da! Nutzen Sie einfach das untenstehende Formular, um uns eine unverbindliche Kontaktanfrage zu senden. Das Naturhaus Lanz Team freut sich darauf, von Ihnen zu h\u00f6ren und steht Ihnen mit Rat und Tat [&hellip;]<\/p>\n","protected":false},"author":1,"featured_media":0,"parent":0,"menu_order":0,"comment_status":"closed","ping_status":"closed","template":"","meta":{"_acf_changed":false,"footnotes":""},"class_list":["post-256","page","type-page","status-publish","hentry"],"acf":[],"yoast_head":"<title>Contact<\/title>\n<meta name=\"robots\" content=\"index, follow, max-snippet:-1, max-image-preview:large, max-video-preview:-1\" \/>\n<meta property=\"og:locale\" content=\"en_US\" \/>\n<meta property=\"og:type\" content=\"article\" \/>\n<meta property=\"og:title\" content=\"Contact\" \/>\n<meta property=\"og:url\" content=\"https:\/\/shop.naturhaus-lanz.de\/en\/contact\/\" \/>\n<meta property=\"og:site_name\" content=\"Naturhaus Lanz Shop\" \/>\n<meta property=\"article:publisher\" content=\"https:\/\/www.facebook.com\/naturhauslanz\" \/>\n<meta property=\"article:modified_time\" content=\"2025-02-25T11:59:19+00:00\" \/>\n<meta name=\"twitter:card\" content=\"summary_large_image\" \/>\n<meta name=\"twitter:label1\" content=\"Est. reading time\" \/>\n\t<meta name=\"twitter:data1\" content=\"1 minute\" \/>\n<script type=\"application\/ld+json\" class=\"yoast-schema-graph\">{\"@context\":\"https:\\\/\\\/schema.org\",\"@graph\":[{\"@type\":\"WebPage\",\"@id\":\"https:\\\/\\\/shop.naturhaus-lanz.de\\\/en\\\/contact\\\/\",\"url\":\"https:\\\/\\\/shop.naturhaus-lanz.de\\\/en\\\/contact\\\/\",\"name\":\"Kontaktieren Sie uns - Naturhaus Lanz Shop\",\"isPartOf\":{\"@id\":\"https:\\\/\\\/shop.naturhaus-lanz.de\\\/#website\"},\"datePublished\":\"2022-07-15T09:48:52+00:00\",\"dateModified\":\"2025-02-25T11:59:19+00:00\",\"description\":\"Haben Sie Fragen oder ben\u00f6tigen Sie Unterst\u00fctzung? Kontaktieren Sie das engagierte Team von Naturhaus Lanz. Wir stehen Ihnen gerne zur Verf\u00fcgung.\",\"breadcrumb\":{\"@id\":\"https:\\\/\\\/shop.naturhaus-lanz.de\\\/en\\\/contact\\\/#breadcrumb\"},\"inLanguage\":\"en-US\",\"potentialAction\":[{\"@type\":\"ReadAction\",\"target\":[\"https:\\\/\\\/shop.naturhaus-lanz.de\\\/en\\\/contact\\\/\"]}]},{\"@type\":\"BreadcrumbList\",\"@id\":\"https:\\\/\\\/shop.naturhaus-lanz.de\\\/en\\\/contact\\\/#breadcrumb\",\"itemListElement\":[{\"@type\":\"ListItem\",\"position\":1,\"name\":\"Naturhaus Lanz Shop\",\"item\":\"https:\\\/\\\/shop.naturhaus-lanz.de\\\/\"},{\"@type\":\"ListItem\",\"position\":2,\"name\":\"Contact\"}]},{\"@type\":\"WebSite\",\"@id\":\"https:\\\/\\\/shop.naturhaus-lanz.de\\\/en\\\/#website\",\"url\":\"https:\\\/\\\/shop.naturhaus-lanz.de\\\/en\\\/\",\"name\":\"Naturhaus Lanz Shop\",\"description\":\"Produkte f\u00fcr Ihr Blockhaus\",\"publisher\":{\"@id\":\"https:\\\/\\\/shop.naturhaus-lanz.de\\\/en\\\/#organization\"},\"potentialAction\":[{\"@type\":\"SearchAction\",\"target\":{\"@type\":\"EntryPoint\",\"urlTemplate\":\"https:\\\/\\\/shop.naturhaus-lanz.de\\\/en\\\/?s={search_term_string}\"},\"query-input\":{\"@type\":\"PropertyValueSpecification\",\"valueRequired\":true,\"valueName\":\"search_term_string\"}}],\"inLanguage\":\"en-US\"},{\"@type\":\"Organization\",\"@id\":\"https:\\\/\\\/shop.naturhaus-lanz.de\\\/en\\\/#organization\",\"name\":\"Naturhaus Lanz Shop\",\"url\":\"https:\\\/\\\/shop.naturhaus-lanz.de\\\/en\\\/\",\"logo\":{\"@type\":\"ImageObject\",\"inLanguage\":\"en-US\",\"@id\":\"https:\\\/\\\/shop.naturhaus-lanz.de\\\/en\\\/#\\\/schema\\\/logo\\\/image\\\/\",\"url\":\"https:\\\/\\\/shop.naturhaus-lanz.de\\\/wp-content\\\/uploads\\\/2023\\\/05\\\/Naturhaus_Lanz_Logo_RGB.png\",\"contentUrl\":\"https:\\\/\\\/shop.naturhaus-lanz.de\\\/wp-content\\\/uploads\\\/2023\\\/05\\\/Naturhaus_Lanz_Logo_RGB.png\",\"width\":312,\"height\":186,\"caption\":\"Naturhaus Lanz Shop\"},\"image\":{\"@id\":\"https:\\\/\\\/shop.naturhaus-lanz.de\\\/en\\\/#\\\/schema\\\/logo\\\/image\\\/\"},\"sameAs\":[\"https:\\\/\\\/www.facebook.com\\\/naturhauslanz\",\"https:\\\/\\\/www.instagram.com\\\/naturhaus_lanz\"]}]}<\/script>","yoast_head_json":{"title":"Contact","robots":{"index":"index","follow":"follow","max-snippet":"max-snippet:-1","max-image-preview":"max-image-preview:large","max-video-preview":"max-video-preview:-1"},"og_locale":"en_US","og_type":"article","og_title":"Contact","og_url":"https:\/\/shop.naturhaus-lanz.de\/en\/contact\/","og_site_name":"Naturhaus Lanz Shop","article_publisher":"https:\/\/www.facebook.com\/naturhauslanz","article_modified_time":"2025-02-25T11:59:19+00:00","twitter_card":"summary_large_image","twitter_misc":{"Est. reading time":"1 minute"},"schema":{"@context":"https:\/\/schema.org","@graph":[{"@type":"WebPage","@id":"https:\/\/shop.naturhaus-lanz.de\/en\/contact\/","url":"https:\/\/shop.naturhaus-lanz.de\/en\/contact\/","name":"Kontaktieren Sie uns - Naturhaus Lanz Shop","isPartOf":{"@id":"https:\/\/shop.naturhaus-lanz.de\/#website"},"datePublished":"2022-07-15T09:48:52+00:00","dateModified":"2025-02-25T11:59:19+00:00","description":"Haben Sie Fragen oder ben\u00f6tigen Sie Unterst\u00fctzung? Kontaktieren Sie das engagierte Team von Naturhaus Lanz. Wir stehen Ihnen gerne zur Verf\u00fcgung.","breadcrumb":{"@id":"https:\/\/shop.naturhaus-lanz.de\/en\/contact\/#breadcrumb"},"inLanguage":"en-US","potentialAction":[{"@type":"ReadAction","target":["https:\/\/shop.naturhaus-lanz.de\/en\/contact\/"]}]},{"@type":"BreadcrumbList","@id":"https:\/\/shop.naturhaus-lanz.de\/en\/contact\/#breadcrumb","itemListElement":[{"@type":"ListItem","position":1,"name":"Naturhaus Lanz Shop","item":"https:\/\/shop.naturhaus-lanz.de\/"},{"@type":"ListItem","position":2,"name":"Contact"}]},{"@type":"WebSite","@id":"https:\/\/shop.naturhaus-lanz.de\/en\/#website","url":"https:\/\/shop.naturhaus-lanz.de\/en\/","name":"Naturhaus Lanz Shop","description":"Produkte f\u00fcr Ihr Blockhaus","publisher":{"@id":"https:\/\/shop.naturhaus-lanz.de\/en\/#organization"},"potentialAction":[{"@type":"SearchAction","target":{"@type":"EntryPoint","urlTemplate":"https:\/\/shop.naturhaus-lanz.de\/en\/?s={search_term_string}"},"query-input":{"@type":"PropertyValueSpecification","valueRequired":true,"valueName":"search_term_string"}}],"inLanguage":"en-US"},{"@type":"Organization","@id":"https:\/\/shop.naturhaus-lanz.de\/en\/#organization","name":"Naturhaus Lanz Shop","url":"https:\/\/shop.naturhaus-lanz.de\/en\/","logo":{"@type":"ImageObject","inLanguage":"en-US","@id":"https:\/\/shop.naturhaus-lanz.de\/en\/#\/schema\/logo\/image\/","url":"https:\/\/shop.naturhaus-lanz.de\/wp-content\/uploads\/2023\/05\/Naturhaus_Lanz_Logo_RGB.png","contentUrl":"https:\/\/shop.naturhaus-lanz.de\/wp-content\/uploads\/2023\/05\/Naturhaus_Lanz_Logo_RGB.png","width":312,"height":186,"caption":"Naturhaus Lanz Shop"},"image":{"@id":"https:\/\/shop.naturhaus-lanz.de\/en\/#\/schema\/logo\/image\/"},"sameAs":["https:\/\/www.facebook.com\/naturhauslanz","https:\/\/www.instagram.com\/naturhaus_lanz"]}]}},"_links":{"self":[{"href":"https:\/\/shop.naturhaus-lanz.de\/en\/wp-json\/wp\/v2\/pages\/256","targetHints":{"allow":["GET"]}}],"collection":[{"href":"https:\/\/shop.naturhaus-lanz.de\/en\/wp-json\/wp\/v2\/pages"}],"about":[{"href":"https:\/\/shop.naturhaus-lanz.de\/en\/wp-json\/wp\/v2\/types\/page"}],"author":[{"embeddable":true,"href":"https:\/\/shop.naturhaus-lanz.de\/en\/wp-json\/wp\/v2\/users\/1"}],"replies":[{"embeddable":true,"href":"https:\/\/shop.naturhaus-lanz.de\/en\/wp-json\/wp\/v2\/comments?post=256"}],"version-history":[{"count":1,"href":"https:\/\/shop.naturhaus-lanz.de\/en\/wp-json\/wp\/v2\/pages\/256\/revisions"}],"predecessor-version":[{"id":822,"href":"https:\/\/shop.naturhaus-lanz.de\/en\/wp-json\/wp\/v2\/pages\/256\/revisions\/822"}],"wp:attachment":[{"href":"https:\/\/shop.naturhaus-lanz.de\/en\/wp-json\/wp\/v2\/media?parent=256"}],"curies":[{"name":"wp","href":"https:\/\/api.w.org\/{rel}","templated":true}]}}