{"id":211,"date":"2022-06-12T14:17:55","date_gmt":"2022-06-12T14:17:55","guid":{"rendered":"https:\/\/shop.naturhaus-lanz.de\/versandarten\/"},"modified":"2023-07-07T02:10:12","modified_gmt":"2023-07-07T00:10:12","slug":"versandarten","status":"publish","type":"page","link":"https:\/\/shop.naturhaus-lanz.de\/en\/shipping\/","title":{"rendered":"Shipping"},"content":{"rendered":"<div>\n<header class=\"ce-headline-\">\n<h1 class=\"big-border white\"><span class=\"headline headline-span\"><b>Versand<\/b><\/span><\/h1>\n<\/header>\n<\/div>\n<div>\n<p>Wir von Naturhaus Lanz verstehen die Bedeutung einer p\u00fcnktlichen und sicheren Lieferung unserer Produkte. Deshalb arbeiten wir mit einigen der zuverl\u00e4ssigsten Kurier- und Frachtunternehmen der Branche zusammen.<\/p>\n<p>Hier sind die f\u00fcr Sie verf\u00fcgbaren Versandmethoden:<\/p>\n<p><strong>1. Paketzustellung<\/strong><\/p>\n<p>F\u00fcr den Versand von kleineren Artikeln und Bestellungen verlassen wir uns auf UPS. Die Versanddauer betr\u00e4gt in der Regel 3-5 Werktage.<\/p>\n<p><strong>2. Speditions- und Palettenversand<\/strong><\/p>\n<p>F\u00fcr gr\u00f6\u00dfere und schwerere Artikel sowie Palettenware arbeiten wir mit renommierten Speditionsversandunternehmen und Emons zusammen. Diese Methode garantiert die sichere Handhabung und Lieferung unserer gr\u00f6\u00dferen Produkte und Palettenware. Bei diesen Lieferarten betr\u00e4gt die Versanddauer in der Regel 4-7 Werktage.<\/p>\n<\/p>\n<p>Bitte beachten Sie, dass die Versandkosten variieren k\u00f6nnen, abh\u00e4ngig von der gew\u00e4hlten Versandmethode, der Gr\u00f6\u00dfe und dem Gewicht der Bestellung sowie Ihrem Standort. Die genauen Kosten und Lieferzeiten werden Ihnen beim Checkout angezeigt.<\/p>\n<p>Bei manchen Artikeln kann zus\u00e4tzlich eine Handlingpauschale anfallen. Diese ist im Warenkorb und im Checkout zu sehen.<\/p>\n<p>Wir von Naturhaus Lanz setzen uns daf\u00fcr ein, dass Sie Ihre Bestellung so schnell und sicher wie m\u00f6glich erhalten. Wenn Sie Fragen zum Versand haben, z\u00f6gern Sie bitte nicht, uns zu kontaktieren.<\/p>\n<\/div>\n<p><!--more--><br \/>\n<!-- {\"name\":\"Datenschutz\",\"type\":\"layout\",\"children\":[{\"type\":\"section\",\"props\":{\"header_transparent\":\"light\",\"height\":\"percent\",\"image\":\"wp-content\\\/uploads\\\/2021\\\/11\\\/csm_Naturhaus-Lanz_Header_b17dd8af141.jpg\",\"image_position\":\"center-center\",\"image_size\":\"cover\",\"media_overlay\":\"rgba(0, 0, 0, 0.09)\",\"style\":\"default\",\"title_breakpoint\":\"xl\",\"title_position\":\"top-left\",\"title_rotation\":\"left\",\"vertical_align\":\"middle\",\"width\":\"large\"},\"children\":[{\"type\":\"row\",\"children\":[{\"type\":\"column\",\"props\":{\"image_position\":\"center-center\",\"position_sticky_breakpoint\":\"m\",\"width_medium\":\"1-1\"},\"children\":[{\"type\":\"text\",\"props\":{\"column_breakpoint\":\"m\",\"content\":\"\n\n<header class=\\\"ce-headline-\\\">\\n\n\n<h1 class=\\\"big-border white\\\"><span class=\\\"headline headline-span\\\"><b>Versand<\\\/b><\\\/span><\\\/h1>\\n<\\\/header>\",\"content_en_us\":\"\n\n<header class=\\\"ce-headline-\\\">\\n\n\n<h1 class=\\\"big-border white\\\"><span class=\\\"headline headline-span\\\"><b>Shipping<\\\/b><\\\/span><\\\/h1>\\n<\\\/header>\",\"margin\":\"default\"}}]}]}],\"name\":\"Header-Impressum\",\"modified\":\"2022-02-12T11:30:14.666Z\"},{\"type\":\"section\",\"props\":{\"image_position\":\"center-center\",\"style\":\"default\",\"title_breakpoint\":\"xl\",\"title_position\":\"top-left\",\"title_rotation\":\"left\",\"vertical_align\":\"middle\",\"width\":\"large\"},\"children\":[{\"type\":\"row\",\"children\":[{\"type\":\"column\",\"props\":{\"image_position\":\"center-center\",\"position_sticky_breakpoint\":\"m\",\"width_medium\":\"1-1\"},\"children\":[{\"type\":\"text\",\"props\":{\"column_breakpoint\":\"m\",\"content\":\"\n\n<p>Wir von Naturhaus Lanz verstehen die Bedeutung einer p\\u00fcnktlichen und sicheren Lieferung unserer Produkte. Deshalb arbeiten wir mit einigen der zuverl\\u00e4ssigsten Kurier- und Frachtunternehmen der Branche zusammen.<\\\/p>\\n\n\n<p>Hier sind die f\\u00fcr Sie verf\\u00fcgbaren Versandmethoden:<\\\/p>\\n\n\n<p><strong>1. Paketzustellung<\\\/strong><\\\/p>\\n\n\n<p>F\\u00fcr den Versand von kleineren Artikeln und Bestellungen verlassen wir uns auf UPS. Die Versanddauer betr\\u00e4gt in der Regel 3-5 Werktage.<\\\/p>\\n\n\n<p><strong>2. Speditions- und Palettenversand<\\\/strong><\\\/p>\\n\n\n<p>F\\u00fcr gr\\u00f6\\u00dfere und schwerere Artikel sowie Palettenware arbeiten wir mit renommierten Speditionsversandunternehmen und Emons zusammen. Diese Methode garantiert die sichere Handhabung und Lieferung unserer gr\\u00f6\\u00dferen Produkte und Palettenware. Bei diesen Lieferarten betr\\u00e4gt die Versanddauer in der Regel 4-7 Werktage.<\\\/p>\\n\n\n<p><\\\/p>\\n\n\n<p>Bitte beachten Sie, dass die Versandkosten variieren k\\u00f6nnen, abh\\u00e4ngig von der gew\\u00e4hlten Versandmethode, der Gr\\u00f6\\u00dfe und dem Gewicht der Bestellung sowie Ihrem Standort. Die genauen Kosten und Lieferzeiten werden Ihnen beim Checkout angezeigt.<\\\/p>\\n\n\n<p>Bei manchen Artikeln kann zus\\u00e4tzlich eine Handlingpauschale anfallen. Diese ist im Warenkorb und im Checkout zu sehen.<\\\/p>\\n\n\n<p>Wir von Naturhaus Lanz setzen uns daf\\u00fcr ein, dass Sie Ihre Bestellung so schnell und sicher wie m\\u00f6glich erhalten. Wenn Sie Fragen zum Versand haben, z\\u00f6gern Sie bitte nicht, uns zu kontaktieren.<\\\/p>\",\"content_en_us\":\"\n\n<p>At Naturhaus Lanz, we understand the importance of delivering our products on time and safely. That's why we work with some of the most reliable courier and freight companies in the industry.<\\\/p>\\n\n\n<p>Here are the shipping methods available to you:<\\\/p>\\n\n\n<p><strong>1. parcel delivery<\\\/strong><\\\/p>\\n\n\n<p>For shipping smaller items and orders, we rely on UPS. The shipping time is usually 3-5 business days.<\\\/p>\\n\n\n<p><strong>2. Freight forwarding and pallet shipping<\\\/strong><\\\/p>\\n\n\n<p>For larger and heavier items as well as palletized goods, we cooperate with reputable freight forwarding companies and Emons. This method guarantees safe handling and delivery of our larger products and pallet goods. For these delivery methods, the shipping time is usually 4-7 business days.<\\\/p>\\n\n\n<p><\\\/p>\\n\n\n<p>Please note that shipping costs may vary depending on the shipping method you choose, the size and weight of your order, and your location. Exact costs and delivery times will be shown to you at checkout.<\\\/p>\\n\n\n<p>For some items, an additional handling fee may apply. This can be seen in the shopping cart and in the checkout.<\\\/p>\\n\n\n<p>At Naturhaus Lanz, we are committed to ensuring that you receive your order as quickly and safely as possible. If you have any questions about shipping, please do not hesitate to contact us.<\\\/p>\",\"margin\":\"default\"}}]}]}]}],\"version\":\"4.0.7\"} --><\/p>\n","protected":false},"excerpt":{"rendered":"<p>Versand Wir von Naturhaus Lanz verstehen die Bedeutung einer p\u00fcnktlichen und sicheren Lieferung unserer Produkte. Deshalb arbeiten wir mit einigen der zuverl\u00e4ssigsten Kurier- und Frachtunternehmen der Branche zusammen. Hier sind die f\u00fcr Sie verf\u00fcgbaren Versandmethoden: 1. Paketzustellung F\u00fcr den Versand von kleineren Artikeln und Bestellungen verlassen wir uns auf UPS. Die Versanddauer betr\u00e4gt in der [&hellip;]<\/p>\n","protected":false},"author":1,"featured_media":0,"parent":0,"menu_order":0,"comment_status":"closed","ping_status":"closed","template":"","meta":{"_acf_changed":false,"footnotes":""},"class_list":["post-211","page","type-page","status-publish","hentry"],"acf":[],"yoast_head":"<title>Shipping<\/title>\n<meta name=\"robots\" content=\"noindex, nofollow\" \/>\n<meta property=\"og:locale\" content=\"en_US\" \/>\n<meta property=\"og:type\" content=\"article\" \/>\n<meta property=\"og:title\" content=\"Shipping\" \/>\n<meta property=\"og:url\" content=\"https:\/\/shop.naturhaus-lanz.de\/en\/shipping\/\" \/>\n<meta property=\"og:site_name\" content=\"Naturhaus Lanz Shop\" \/>\n<meta property=\"article:publisher\" content=\"https:\/\/www.facebook.com\/naturhauslanz\" \/>\n<meta property=\"article:modified_time\" content=\"2023-07-07T00:10:12+00:00\" \/>\n<meta name=\"twitter:card\" content=\"summary_large_image\" \/>\n<meta name=\"twitter:label1\" content=\"Est. reading time\" \/>\n\t<meta name=\"twitter:data1\" content=\"1 minute\" \/>\n<script type=\"application\/ld+json\" class=\"yoast-schema-graph\">{\"@context\":\"https:\\\/\\\/schema.org\",\"@graph\":[{\"@type\":\"WebPage\",\"@id\":\"https:\\\/\\\/shop.naturhaus-lanz.de\\\/en\\\/shipping\\\/\",\"url\":\"https:\\\/\\\/shop.naturhaus-lanz.de\\\/en\\\/shipping\\\/\",\"name\":\"Versandarten - Naturhaus Lanz Shop\",\"isPartOf\":{\"@id\":\"https:\\\/\\\/shop.naturhaus-lanz.de\\\/#website\"},\"datePublished\":\"2022-06-12T14:17:55+00:00\",\"dateModified\":\"2023-07-07T00:10:12+00:00\",\"breadcrumb\":{\"@id\":\"https:\\\/\\\/shop.naturhaus-lanz.de\\\/en\\\/shipping\\\/#breadcrumb\"},\"inLanguage\":\"en-US\",\"potentialAction\":[{\"@type\":\"ReadAction\",\"target\":[\"https:\\\/\\\/shop.naturhaus-lanz.de\\\/en\\\/shipping\\\/\"]}]},{\"@type\":\"BreadcrumbList\",\"@id\":\"https:\\\/\\\/shop.naturhaus-lanz.de\\\/en\\\/shipping\\\/#breadcrumb\",\"itemListElement\":[{\"@type\":\"ListItem\",\"position\":1,\"name\":\"Naturhaus Lanz Shop\",\"item\":\"https:\\\/\\\/shop.naturhaus-lanz.de\\\/\"},{\"@type\":\"ListItem\",\"position\":2,\"name\":\"Shipping\"}]},{\"@type\":\"WebSite\",\"@id\":\"https:\\\/\\\/shop.naturhaus-lanz.de\\\/en\\\/#website\",\"url\":\"https:\\\/\\\/shop.naturhaus-lanz.de\\\/en\\\/\",\"name\":\"Naturhaus Lanz Shop\",\"description\":\"Produkte f\u00fcr Ihr Blockhaus\",\"publisher\":{\"@id\":\"https:\\\/\\\/shop.naturhaus-lanz.de\\\/en\\\/#organization\"},\"potentialAction\":[{\"@type\":\"SearchAction\",\"target\":{\"@type\":\"EntryPoint\",\"urlTemplate\":\"https:\\\/\\\/shop.naturhaus-lanz.de\\\/en\\\/?s={search_term_string}\"},\"query-input\":{\"@type\":\"PropertyValueSpecification\",\"valueRequired\":true,\"valueName\":\"search_term_string\"}}],\"inLanguage\":\"en-US\"},{\"@type\":\"Organization\",\"@id\":\"https:\\\/\\\/shop.naturhaus-lanz.de\\\/en\\\/#organization\",\"name\":\"Naturhaus Lanz Shop\",\"url\":\"https:\\\/\\\/shop.naturhaus-lanz.de\\\/en\\\/\",\"logo\":{\"@type\":\"ImageObject\",\"inLanguage\":\"en-US\",\"@id\":\"https:\\\/\\\/shop.naturhaus-lanz.de\\\/en\\\/#\\\/schema\\\/logo\\\/image\\\/\",\"url\":\"https:\\\/\\\/shop.naturhaus-lanz.de\\\/wp-content\\\/uploads\\\/2023\\\/05\\\/Naturhaus_Lanz_Logo_RGB.png\",\"contentUrl\":\"https:\\\/\\\/shop.naturhaus-lanz.de\\\/wp-content\\\/uploads\\\/2023\\\/05\\\/Naturhaus_Lanz_Logo_RGB.png\",\"width\":312,\"height\":186,\"caption\":\"Naturhaus Lanz Shop\"},\"image\":{\"@id\":\"https:\\\/\\\/shop.naturhaus-lanz.de\\\/en\\\/#\\\/schema\\\/logo\\\/image\\\/\"},\"sameAs\":[\"https:\\\/\\\/www.facebook.com\\\/naturhauslanz\",\"https:\\\/\\\/www.instagram.com\\\/naturhaus_lanz\"]}]}<\/script>","yoast_head_json":{"title":"Shipping","robots":{"index":"noindex","follow":"nofollow"},"og_locale":"en_US","og_type":"article","og_title":"Shipping","og_url":"https:\/\/shop.naturhaus-lanz.de\/en\/shipping\/","og_site_name":"Naturhaus Lanz Shop","article_publisher":"https:\/\/www.facebook.com\/naturhauslanz","article_modified_time":"2023-07-07T00:10:12+00:00","twitter_card":"summary_large_image","twitter_misc":{"Est. reading time":"1 minute"},"schema":{"@context":"https:\/\/schema.org","@graph":[{"@type":"WebPage","@id":"https:\/\/shop.naturhaus-lanz.de\/en\/shipping\/","url":"https:\/\/shop.naturhaus-lanz.de\/en\/shipping\/","name":"Versandarten - Naturhaus Lanz Shop","isPartOf":{"@id":"https:\/\/shop.naturhaus-lanz.de\/#website"},"datePublished":"2022-06-12T14:17:55+00:00","dateModified":"2023-07-07T00:10:12+00:00","breadcrumb":{"@id":"https:\/\/shop.naturhaus-lanz.de\/en\/shipping\/#breadcrumb"},"inLanguage":"en-US","potentialAction":[{"@type":"ReadAction","target":["https:\/\/shop.naturhaus-lanz.de\/en\/shipping\/"]}]},{"@type":"BreadcrumbList","@id":"https:\/\/shop.naturhaus-lanz.de\/en\/shipping\/#breadcrumb","itemListElement":[{"@type":"ListItem","position":1,"name":"Naturhaus Lanz Shop","item":"https:\/\/shop.naturhaus-lanz.de\/"},{"@type":"ListItem","position":2,"name":"Shipping"}]},{"@type":"WebSite","@id":"https:\/\/shop.naturhaus-lanz.de\/en\/#website","url":"https:\/\/shop.naturhaus-lanz.de\/en\/","name":"Naturhaus Lanz Shop","description":"Produkte f\u00fcr Ihr Blockhaus","publisher":{"@id":"https:\/\/shop.naturhaus-lanz.de\/en\/#organization"},"potentialAction":[{"@type":"SearchAction","target":{"@type":"EntryPoint","urlTemplate":"https:\/\/shop.naturhaus-lanz.de\/en\/?s={search_term_string}"},"query-input":{"@type":"PropertyValueSpecification","valueRequired":true,"valueName":"search_term_string"}}],"inLanguage":"en-US"},{"@type":"Organization","@id":"https:\/\/shop.naturhaus-lanz.de\/en\/#organization","name":"Naturhaus Lanz Shop","url":"https:\/\/shop.naturhaus-lanz.de\/en\/","logo":{"@type":"ImageObject","inLanguage":"en-US","@id":"https:\/\/shop.naturhaus-lanz.de\/en\/#\/schema\/logo\/image\/","url":"https:\/\/shop.naturhaus-lanz.de\/wp-content\/uploads\/2023\/05\/Naturhaus_Lanz_Logo_RGB.png","contentUrl":"https:\/\/shop.naturhaus-lanz.de\/wp-content\/uploads\/2023\/05\/Naturhaus_Lanz_Logo_RGB.png","width":312,"height":186,"caption":"Naturhaus Lanz Shop"},"image":{"@id":"https:\/\/shop.naturhaus-lanz.de\/en\/#\/schema\/logo\/image\/"},"sameAs":["https:\/\/www.facebook.com\/naturhauslanz","https:\/\/www.instagram.com\/naturhaus_lanz"]}]}},"_links":{"self":[{"href":"https:\/\/shop.naturhaus-lanz.de\/en\/wp-json\/wp\/v2\/pages\/211","targetHints":{"allow":["GET"]}}],"collection":[{"href":"https:\/\/shop.naturhaus-lanz.de\/en\/wp-json\/wp\/v2\/pages"}],"about":[{"href":"https:\/\/shop.naturhaus-lanz.de\/en\/wp-json\/wp\/v2\/types\/page"}],"author":[{"embeddable":true,"href":"https:\/\/shop.naturhaus-lanz.de\/en\/wp-json\/wp\/v2\/users\/1"}],"replies":[{"embeddable":true,"href":"https:\/\/shop.naturhaus-lanz.de\/en\/wp-json\/wp\/v2\/comments?post=211"}],"version-history":[{"count":0,"href":"https:\/\/shop.naturhaus-lanz.de\/en\/wp-json\/wp\/v2\/pages\/211\/revisions"}],"wp:attachment":[{"href":"https:\/\/shop.naturhaus-lanz.de\/en\/wp-json\/wp\/v2\/media?parent=211"}],"curies":[{"name":"wp","href":"https:\/\/api.w.org\/{rel}","templated":true}]}}