{"id":210,"date":"2022-06-12T14:17:55","date_gmt":"2022-06-12T14:17:55","guid":{"rendered":"https:\/\/shop.naturhaus-lanz.de\/widerrufsbelehrung\/"},"modified":"2023-08-28T16:27:40","modified_gmt":"2023-08-28T14:27:40","slug":"widerrufsbelehrung","status":"publish","type":"page","link":"https:\/\/shop.naturhaus-lanz.de\/en\/return\/","title":{"rendered":"Return"},"content":{"rendered":"<div>\n<header class=\"ce-headline-\">\n<h1 class=\"big-border white\"><span class=\"headline headline-span\"> <b>Widerrufs&shy;belehrung<\/b><\/span><\/h1>\n<\/header>\n<\/div>\n<div>\n<h3>Widerrufsrecht f\u00fcr Verbraucher<\/h3>\n<p>(Verbraucher ist jede nat\u00fcrliche Person, die ein Rechtsgesch\u00e4ft zu Zwecken abschlie\u00dft, die \u00fcberwiegend weder ihrer gewerblichen noch ihrer selbstst\u00e4ndigen beruflichen T\u00e4tigkeit zugerechnet werden kann.)<\/p>\n<h3>Widerrufsrecht<\/h3>\n<p>Sie haben das Recht, binnen vierzehn Tagen ohne Angabe von Gr\u00fcnden diesen Vertrag zu widerrufen.<\/p>\n<p>\nDie Widerrufsfrist betr\u00e4gt vierzehn Tage ab dem Tag,<\/p>\n<ul>\n<li>an dem Sie oder ein von Ihnen benannter Dritter, der nicht der Bef\u00f6rderer ist, die Waren in Besitz genommen haben bzw. hat, sofern Sie eine oder mehrere Waren im Rahmen einer einheitlichen Bestellung bestellt haben und diese einheitlich geliefert wird bzw. werden, oder<\/li>\n<li>an dem Sie oder ein von Ihnen benannter Dritter, der nicht der Bef\u00f6rderer ist, die letzte Ware in Besitz genommen haben bzw. hat, sofern Sie mehrere Waren im Rahmen einer einheitlichen Bestellung bestellt haben und diese getrennt geliefert werden, oder<\/li>\n<li>an dem Sie oder ein von Ihnen benannter Dritter, der nicht der Bef\u00f6rderer ist, die letzte Teilsendung oder das letzte St\u00fcck in Besitz genommen haben bzw. hat, sofern Sie eine Ware bestellt haben, die in mehreren Teilsendungen oder St\u00fccken geliefert wird, oder<\/li>\n<li>an dem Sie oder ein von Ihnen benannter Dritter, der nicht der Bef\u00f6rderer ist, die erste Ware in Besitz genommen haben bzw. hat, sofern Sie einen Vertrag zur regelm\u00e4\u00dfigen Lieferung von Waren \u00fcber einen festgelegten Zeitraum hinweg geschlossen haben.<\/li>\n<\/ul>\n<p>Um Ihr Widerrufsrecht auszu\u00fcben, m\u00fcssen Sie uns (Naturhaus Lanz GmbH (vertreten durch Olaf Lanz), Gewerbestrasse 8, D-72131 Ofterdingen, Deutschland, Telefonnummer: +49 (0) 7473 3793843, E-Mail-Adresse: info@naturhaus-lanz.de)\u00a0mittels einer eindeutigen Erkl\u00e4rung (z.B. ein mit der Post versandter Brief, E-Mail) \u00fcber Ihren Entschluss, diesen Vertrag zu widerrufen, informieren. Sie k\u00f6nnen daf\u00fcr das beigef\u00fcgte Muster-Widerrufsformular verwenden, das jedoch nicht vorgeschrieben ist.<\/p>\n<p>Zur Wahrung der Widerrufsfrist reicht es aus, dass Sie die Mitteilung \u00fcber die Aus\u00fcbung des Widerrufsrechts vor Ablauf der Widerrufsfrist absenden.<\/p>\n<h3>Folgen des Widerrufs<\/h3>\n<p>Wenn Sie diesen Vertrag widerrufen, haben wir Ihnen alle Zahlungen, die wir von Ihnen erhalten haben, einschlie\u00dflich der Lieferkosten (mit Ausnahme der zus\u00e4tzlichen Kosten, die sich daraus ergeben, dass Sie eine andere Art der Lieferung als die von uns angebotene, g\u00fcnstigste Standardlieferung gew\u00e4hlt haben), unverz\u00fcglich und sp\u00e4testens binnen vierzehn Tagen ab dem Tag zur\u00fcckzuzahlen, an dem die Mitteilung \u00fcber Ihren Widerruf dieses Vertrags bei uns eingegangen ist. F\u00fcr diese R\u00fcckzahlung verwenden wir dasselbe Zahlungsmittel, das Sie bei der urspr\u00fcnglichen Transaktion eingesetzt haben, es sei denn, mit Ihnen wurde ausdr\u00fccklich etwas anderes vereinbart; in keinem Fall werden Ihnen wegen dieser R\u00fcckzahlung Entgelte berechnet.<\/p>\n<p>Wir k\u00f6nnen die R\u00fcckzahlung verweigern, bis wir die Waren wieder zur\u00fcckerhalten haben oder bis Sie den Nachweis erbracht haben, dass Sie die Waren zur\u00fcckgesandt haben, je nachdem, welches der fr\u00fchere Zeitpunkt ist.<\/p>\n<p>Sie haben die Waren unverz\u00fcglich und in jedem Fall sp\u00e4testens binnen vierzehn Tagen ab dem Tag, an dem Sie uns \u00fcber den Widerruf dieses Vertrags unterrichten, an uns zur\u00fcckzusenden oder zu \u00fcbergeben. Die Frist ist gewahrt, wenn Sie die Waren vor Ablauf der Frist von vierzehn Tagen absenden.<\/p>\n<\/p>\n<p>Sie tragen die unmittelbaren Kosten der R\u00fccksendung der Waren. Diese ergeben sich aus der bestellten Menge und Art des Versands, z.B. Spedition oder Paketversand.<\/p>\n<p>Sie m\u00fcssen f\u00fcr einen etwaigen Wertverlust der Waren nur aufkommen, wenn dieser Wertverlust auf einen zur Pr\u00fcfung der Beschaffenheit, Eigenschaften und Funktionsweise der Waren nicht notwendigen Umgang mit ihnen zur\u00fcckzuf\u00fchren ist.<\/p>\n<h2>Widerrufsformular<\/h2>\n<p>(Wenn Sie den Vertrag widerrufen wollen, dann f\u00fcllen Sie bitte dieses Formular aus und senden Sie es zur\u00fcck.)<\/p>\n<p>&#8211; An<\/p>\n<p>Naturhaus Lanz GmbH (vertreten durch Olaf Lanz), Gewerbestrasse 8, D-72131 Ofterdingen, Deutschland, Telefonnummer: +49 (0) 7473 3793843, E-Mail-Adresse: info@naturhaus-lanz.de<\/p>\n<p>&#8211; Hiermit widerrufe(n) ich\/wir (*) den von mir\/uns (*) abgeschlossenen Vertrag \u00fcber den Kauf der folgenden Waren (*)\/ die Erbringung der folgenden Dienstleistung (*)<\/p>\n<p>&#8211; Bestellt am (*)\/erhalten am (*)<\/p>\n<p>&#8211; Name des\/der Verbraucher(s)<\/p>\n<p>&#8211; Anschrift des\/der Verbraucher(s)<\/p>\n<p>&#8211; Unterschrift des\/der Verbraucher(s) (nur bei Mitteilung auf Papier)<\/p>\n<p>&#8211; Datum<\/p>\n<p>___________<br \/>\n(*) Unzutreffendes streichen.<\/p>\n<\/div>\n<p><!--more--><br \/>\n<!-- {\"type\":\"layout\",\"children\":[{\"type\":\"section\",\"props\":{\"header_transparent\":\"light\",\"height\":\"percent\",\"image\":\"wp-content\\\/uploads\\\/2021\\\/11\\\/csm_Naturhaus-Lanz_Header_b17dd8af141.jpg\",\"image_position\":\"center-center\",\"image_size\":\"cover\",\"media_overlay\":\"rgba(0, 0, 0, 0.09)\",\"style\":\"default\",\"title_breakpoint\":\"xl\",\"title_position\":\"top-left\",\"title_rotation\":\"left\",\"vertical_align\":\"middle\",\"width\":\"large\"},\"children\":[{\"type\":\"row\",\"children\":[{\"type\":\"column\",\"props\":{\"image_position\":\"center-center\",\"position_sticky_breakpoint\":\"m\",\"width_medium\":\"1-1\"},\"children\":[{\"type\":\"text\",\"props\":{\"column_breakpoint\":\"m\",\"content\":\"\n\n<header class=\\\"ce-headline-\\\">\n\n<h1 class=\\\"big-border white\\\"><span class=\\\"headline headline-span\\\"> <b>Widerrufs&shy;belehrung<\\\/b><\\\/span><\\\/h1><\\\/header>\",\"content_en_us\":\"\n\n<header class=\\\"ce-headline-\\\">\n\n<h1 class=\\\"big-border white\\\"><span class=\\\"headline headline-span\\\"> <b>Cancellation Policy<\\\/b><\\\/span><\\\/h1><\\\/header>\",\"margin\":\"default\"}}]}]}],\"name\":\"Header-Impressum\"},{\"type\":\"section\",\"props\":{\"image_position\":\"center-center\",\"style\":\"default\",\"title_breakpoint\":\"xl\",\"title_position\":\"top-left\",\"title_rotation\":\"left\",\"vertical_align\":\"middle\",\"width\":\"default\"},\"children\":[{\"type\":\"row\",\"children\":[{\"type\":\"column\",\"props\":{\"image_position\":\"center-center\",\"position_sticky_breakpoint\":\"m\"},\"children\":[{\"type\":\"text\",\"props\":{\"column_breakpoint\":\"m\",\"content\":\"\n\n<h3>Widerrufsrecht f\\u00fcr Verbraucher<\\\/h3>\\n\n\n<p>(Verbraucher ist jede nat\\u00fcrliche Person, die ein Rechtsgesch\\u00e4ft zu Zwecken abschlie\\u00dft, die \\u00fcberwiegend weder ihrer gewerblichen noch ihrer selbstst\\u00e4ndigen beruflichen T\\u00e4tigkeit zugerechnet werden kann.)<\\\/p>\\n\n\n<h3>Widerrufsrecht<\\\/h3>\\n\n\n<p>Sie haben das Recht, binnen vierzehn Tagen ohne Angabe von Gr\\u00fcnden diesen Vertrag zu widerrufen.<\\\/p>\\n\n\n<p><br \\\/>\\nDie Widerrufsfrist betr\\u00e4gt vierzehn Tage ab dem Tag,<\\\/p>\\n\n\n<ul>\\n\n\n<li>an dem Sie oder ein von Ihnen benannter Dritter, der nicht der Bef\\u00f6rderer ist, die Waren in Besitz genommen haben bzw. hat, sofern Sie eine oder mehrere Waren im Rahmen einer einheitlichen Bestellung bestellt haben und diese einheitlich geliefert wird bzw. werden, oder<\\\/li>\\n\n\n<li>an dem Sie oder ein von Ihnen benannter Dritter, der nicht der Bef\\u00f6rderer ist, die letzte Ware in Besitz genommen haben bzw. hat, sofern Sie mehrere Waren im Rahmen einer einheitlichen Bestellung bestellt haben und diese getrennt geliefert werden, oder<\\\/li>\\n\n\n<li>an dem Sie oder ein von Ihnen benannter Dritter, der nicht der Bef\\u00f6rderer ist, die letzte Teilsendung oder das letzte St\\u00fcck in Besitz genommen haben bzw. hat, sofern Sie eine Ware bestellt haben, die in mehreren Teilsendungen oder St\\u00fccken geliefert wird, oder<\\\/li>\\n\n\n<li>an dem Sie oder ein von Ihnen benannter Dritter, der nicht der Bef\\u00f6rderer ist, die erste Ware in Besitz genommen haben bzw. hat, sofern Sie einen Vertrag zur regelm\\u00e4\\u00dfigen Lieferung von Waren \\u00fcber einen festgelegten Zeitraum hinweg geschlossen haben.<\\\/li>\\n<\\\/ul>\\n\n\n<p>Um Ihr Widerrufsrecht auszu\\u00fcben, m\\u00fcssen Sie uns (Naturhaus Lanz GmbH (vertreten durch Olaf Lanz), Gewerbestrasse 8, D-72131 Ofterdingen, Deutschland, Telefonnummer: +49 (0) 7473 3793843, E-Mail-Adresse: info@naturhaus-lanz.de)\\u00a0mittels einer eindeutigen Erkl\\u00e4rung (z.B. ein mit der Post versandter Brief, E-Mail) \\u00fcber Ihren Entschluss, diesen Vertrag zu widerrufen, informieren. Sie k\\u00f6nnen daf\\u00fcr das beigef\\u00fcgte Muster-Widerrufsformular verwenden, das jedoch nicht vorgeschrieben ist.<\\\/p>\\n\n\n<p>Zur Wahrung der Widerrufsfrist reicht es aus, dass Sie die Mitteilung \\u00fcber die Aus\\u00fcbung des Widerrufsrechts vor Ablauf der Widerrufsfrist absenden.<\\\/p>\\n\n\n<h3>Folgen des Widerrufs<\\\/h3>\\n\n\n<p>Wenn Sie diesen Vertrag widerrufen, haben wir Ihnen alle Zahlungen, die wir von Ihnen erhalten haben, einschlie\\u00dflich der Lieferkosten (mit Ausnahme der zus\\u00e4tzlichen Kosten, die sich daraus ergeben, dass Sie eine andere Art der Lieferung als die von uns angebotene, g\\u00fcnstigste Standardlieferung gew\\u00e4hlt haben), unverz\\u00fcglich und sp\\u00e4testens binnen vierzehn Tagen ab dem Tag zur\\u00fcckzuzahlen, an dem die Mitteilung \\u00fcber Ihren Widerruf dieses Vertrags bei uns eingegangen ist. F\\u00fcr diese R\\u00fcckzahlung verwenden wir dasselbe Zahlungsmittel, das Sie bei der urspr\\u00fcnglichen Transaktion eingesetzt haben, es sei denn, mit Ihnen wurde ausdr\\u00fccklich etwas anderes vereinbart; in keinem Fall werden Ihnen wegen dieser R\\u00fcckzahlung Entgelte berechnet.<\\\/p>\\n\n\n<p>Wir k\\u00f6nnen die R\\u00fcckzahlung verweigern, bis wir die Waren wieder zur\\u00fcckerhalten haben oder bis Sie den Nachweis erbracht haben, dass Sie die Waren zur\\u00fcckgesandt haben, je nachdem, welches der fr\\u00fchere Zeitpunkt ist.<\\\/p>\\n\\n\n\n<p>Sie haben die Waren unverz\\u00fcglich und in jedem Fall sp\\u00e4testens binnen vierzehn Tagen ab dem Tag, an dem Sie uns \\u00fcber den Widerruf dieses Vertrags unterrichten, an uns zur\\u00fcckzusenden oder zu \\u00fcbergeben. Die Frist ist gewahrt, wenn Sie die Waren vor Ablauf der Frist von vierzehn Tagen absenden.<\\\/p>\\n\n\n<p><\\\/p>\\n\n\n<p><\\\/p>\\n\n\n<p>Sie tragen die unmittelbaren Kosten der R\\u00fccksendung der Waren. Diese ergeben sich aus der bestellten Menge und Art des Versands, z.B. Spedition oder Paketversand.<\\\/p>\\n\n\n<p>Sie m\\u00fcssen f\\u00fcr einen etwaigen Wertverlust der Waren nur aufkommen, wenn dieser Wertverlust auf einen zur Pr\\u00fcfung der Beschaffenheit, Eigenschaften und Funktionsweise der Waren nicht notwendigen Umgang mit ihnen zur\\u00fcckzuf\\u00fchren ist.\\n\\n\n\n<h2>Widerrufsformular<\\\/h2>\\n\n\n<p>(Wenn Sie den Vertrag widerrufen wollen, dann f\\u00fcllen Sie bitte dieses Formular aus und senden Sie es zur\\u00fcck.)<\\\/p>\\n\n\n<p>&#8211; An<\\\/p>\\n\n\n<p>Naturhaus Lanz GmbH (vertreten durch Olaf Lanz), Gewerbestrasse 8, D-72131 Ofterdingen, Deutschland, Telefonnummer: +49 (0) 7473 3793843, E-Mail-Adresse: info@naturhaus-lanz.de<\\\/p>\\n\n\n<p>&#8211; Hiermit widerrufe(n) ich\\\/wir (*) den von mir\\\/uns (*) abgeschlossenen Vertrag \\u00fcber den Kauf der folgenden Waren (*)\\\/ die Erbringung der folgenden Dienstleistung (*)<\\\/p>\\n\n\n<p>&#8211; Bestellt am (*)\\\/erhalten am (*)<\\\/p>\\n\n\n<p>&#8211; Name des\\\/der Verbraucher(s)<\\\/p>\\n\n\n<p>&#8211; Anschrift des\\\/der Verbraucher(s)<\\\/p>\\n\n\n<p>&#8211; Unterschrift des\\\/der Verbraucher(s) (nur bei Mitteilung auf Papier)<\\\/p>\\n\n\n<p>&#8211; Datum<\\\/p>\\n\n\n<p>___________<br \\\/>\\n(*) Unzutreffendes streichen.<\\\/p>\\n\",\"content_en_us\":\"\n\n<h2>Right of Withdrawal for Consumers<\\\/h2>\\n\n\n<p>(Consumer is any natural person who enters into a legal transaction for purposes that are predominantly neither commercial nor self-employed.)<\\\/p>\\n\n\n<h2>Right of Withdrawal<\\\/h2>\\n\n\n<p>You have the right to withdraw from this contract within fourteen days without giving any reason.<\\\/p>\\n\n\n<p>\\n<br \\\/>\\nThe withdrawal period is fourteen days from the day,<\\\/p>\\n\n\n<ul>\\n\n\n<li>on which you or a third party named by you, who is not the carrier, have taken possession of the goods, provided you have ordered one or more goods as part of a single order and they are delivered uniformly, or<\\\/li>\\n\n\n<li>on which you or a third party named by you, who is not the carrier, have taken possession of the last goods, provided you have ordered multiple goods as part of a single order and they are delivered separately, or<\\\/li>\\n\n\n<li>on which you or a third party named by you, who is not the carrier, have taken possession of the last partial shipment or the last piece, provided you have ordered goods that are delivered in several partial shipments or pieces, or<\\\/li>\\n\n\n<li>on which you or a third party named by you, who is not the carrier, have taken possession of the first goods, provided you have concluded a contract for the regular delivery of goods over a specified period.<\\\/li>\\n<\\\/ul>\\n\n\n<p>To exercise your right of withdrawal, you must inform us (Naturhaus Lanz GmbH, represented by Olaf Lanz, Gewerbestrasse 8, D-72131 Ofterdingen, Germany, Phone: +49 (0) 7473 3793843, Email: info@naturhaus-lanz.de) of your decision to withdraw from this contract by means of a clear statement (e.g. a letter sent by post or email). You can use the attached model withdrawal form for this purpose, but it is not mandatory.<\\\/p>\\n\n\n<p>To meet the withdrawal deadline, it is sufficient for you to send your communication concerning your exercise of the right of withdrawal before the withdrawal period has expired.<\\\/p>\\n\n\n<h2>Consequences of Withdrawal<\\\/h2>\\n\n\n<p>If you withdraw from this contract, we shall reimburse you for all payments received from you, including delivery costs (except for the supplementary costs arising if you chose a type of delivery other than the least expensive type of standard delivery offered by us), without undue delay and not later than fourteen days from the day on which we receive the notification of your withdrawal from this contract. We will carry out such reimbursement using the same means of payment as you used for the initial transaction, unless you have expressly agreed otherwise; in any event, you will not incur any fees as a result of such reimbursement.<\\\/p>\\n\n\n<p>We may withhold reimbursement until we have received the goods back or you have supplied evidence of having sent back the goods, whichever is the earliest.<\\\/p>\\n\n\n<p>You shall send back the goods or hand them over to us, without undue delay and in any event not later than fourteen days from the day on which you communicate your withdrawal from this contract to us. The deadline is met if you send back the goods before the period of fourteen days has expired.<\\\/p>\\n\n\n<p><\\\/p>\\n\n\n<p><\\\/p>\\n\n\n<p>You will bear the direct cost of returning the goods. The cost will depend on the quantity and type of shipping, e.g. courier or parcel delivery.<\\\/p>\\n\n\n<p>You are only liable for any diminished value of the goods resulting from the handling other than what is necessary to establish the nature, characteristics, and functioning of the goods.<\\\/p>\\n\\n\n\n<h2>Withdrawal Form<\\\/h2>\\n\n\n<p>(If you wish to withdraw from the contract, please fill out this form and send it back.)<\\\/p>\\n\n\n<p>&#8211; To<\\\/p>\\n\n\n<p>Naturhaus Lanz GmbH (represented by Olaf Lanz), Gewerbestrasse 8, D-72131 Ofterdingen, Germany, Phone: +49 (0) 7473 3793843, Email: info@naturhaus-lanz.de<\\\/p>\\n\n\n<p>&#8211; I\\\/we (*) hereby give notice that I\\\/we (*) withdraw from my\\\/our (*) contract of sale of the following goods (*)\\\/ for the provision of the following service (*)<\\\/p>\\n\n\n<p>&#8211; Ordered on (*)\\\/ received on (*)<\\\/p>\\n\n\n<p>&#8211; Name of consumer(s)<\\\/p>\\n\n\n<p>&#8211; Address of consumer(s)<\\\/p>\\n\n\n<p>&#8211; Signature of consumer(s) (only if this form is notified on paper)<\\\/p>\\n\n\n<p>&#8211; Date<\\\/p>\\n\n\n<p>___________<br \\\/>\\n(*) Delete as appropriate.<\\\/p>\\n\",\"margin\":\"default\"}}]}]}]}],\"version\":\"4.0.11\"} --><\/p>\n","protected":false},"excerpt":{"rendered":"<p>Widerrufs&shy;belehrung Widerrufsrecht f\u00fcr Verbraucher (Verbraucher ist jede nat\u00fcrliche Person, die ein Rechtsgesch\u00e4ft zu Zwecken abschlie\u00dft, die \u00fcberwiegend weder ihrer gewerblichen noch ihrer selbstst\u00e4ndigen beruflichen T\u00e4tigkeit zugerechnet werden kann.) Widerrufsrecht Sie haben das Recht, binnen vierzehn Tagen ohne Angabe von Gr\u00fcnden diesen Vertrag zu widerrufen. Die Widerrufsfrist betr\u00e4gt vierzehn Tage ab dem Tag, an dem Sie [&hellip;]<\/p>\n","protected":false},"author":1,"featured_media":0,"parent":0,"menu_order":0,"comment_status":"closed","ping_status":"closed","template":"","meta":{"_acf_changed":false,"footnotes":""},"class_list":["post-210","page","type-page","status-publish","hentry"],"acf":[],"yoast_head":"<title>Return<\/title>\n<meta name=\"robots\" content=\"noindex, follow\" \/>\n<meta property=\"og:locale\" content=\"en_US\" \/>\n<meta property=\"og:type\" content=\"article\" \/>\n<meta property=\"og:title\" content=\"Return\" \/>\n<meta property=\"og:url\" content=\"https:\/\/shop.naturhaus-lanz.de\/en\/return\/\" \/>\n<meta property=\"og:site_name\" content=\"Naturhaus Lanz Shop\" \/>\n<meta property=\"article:publisher\" content=\"https:\/\/www.facebook.com\/naturhauslanz\" \/>\n<meta property=\"article:modified_time\" content=\"2023-08-28T14:27:40+00:00\" \/>\n<meta name=\"twitter:card\" content=\"summary_large_image\" \/>\n<meta name=\"twitter:label1\" content=\"Est. reading time\" \/>\n\t<meta name=\"twitter:data1\" content=\"4 minutes\" \/>\n<script type=\"application\/ld+json\" class=\"yoast-schema-graph\">{\"@context\":\"https:\\\/\\\/schema.org\",\"@graph\":[{\"@type\":\"WebPage\",\"@id\":\"https:\\\/\\\/shop.naturhaus-lanz.de\\\/en\\\/return\\\/\",\"url\":\"https:\\\/\\\/shop.naturhaus-lanz.de\\\/en\\\/return\\\/\",\"name\":\"Widerrufsbelehrung - Naturhaus Lanz Shop\",\"isPartOf\":{\"@id\":\"https:\\\/\\\/shop.naturhaus-lanz.de\\\/#website\"},\"datePublished\":\"2022-06-12T14:17:55+00:00\",\"dateModified\":\"2023-08-28T14:27:40+00:00\",\"breadcrumb\":{\"@id\":\"https:\\\/\\\/shop.naturhaus-lanz.de\\\/en\\\/return\\\/#breadcrumb\"},\"inLanguage\":\"en-US\",\"potentialAction\":[{\"@type\":\"ReadAction\",\"target\":[\"https:\\\/\\\/shop.naturhaus-lanz.de\\\/en\\\/return\\\/\"]}]},{\"@type\":\"BreadcrumbList\",\"@id\":\"https:\\\/\\\/shop.naturhaus-lanz.de\\\/en\\\/return\\\/#breadcrumb\",\"itemListElement\":[{\"@type\":\"ListItem\",\"position\":1,\"name\":\"Naturhaus Lanz Shop\",\"item\":\"https:\\\/\\\/shop.naturhaus-lanz.de\\\/\"},{\"@type\":\"ListItem\",\"position\":2,\"name\":\"Return\"}]},{\"@type\":\"WebSite\",\"@id\":\"https:\\\/\\\/shop.naturhaus-lanz.de\\\/en\\\/#website\",\"url\":\"https:\\\/\\\/shop.naturhaus-lanz.de\\\/en\\\/\",\"name\":\"Naturhaus Lanz Shop\",\"description\":\"Produkte f\u00fcr Ihr Blockhaus\",\"publisher\":{\"@id\":\"https:\\\/\\\/shop.naturhaus-lanz.de\\\/en\\\/#organization\"},\"potentialAction\":[{\"@type\":\"SearchAction\",\"target\":{\"@type\":\"EntryPoint\",\"urlTemplate\":\"https:\\\/\\\/shop.naturhaus-lanz.de\\\/en\\\/?s={search_term_string}\"},\"query-input\":{\"@type\":\"PropertyValueSpecification\",\"valueRequired\":true,\"valueName\":\"search_term_string\"}}],\"inLanguage\":\"en-US\"},{\"@type\":\"Organization\",\"@id\":\"https:\\\/\\\/shop.naturhaus-lanz.de\\\/en\\\/#organization\",\"name\":\"Naturhaus Lanz Shop\",\"url\":\"https:\\\/\\\/shop.naturhaus-lanz.de\\\/en\\\/\",\"logo\":{\"@type\":\"ImageObject\",\"inLanguage\":\"en-US\",\"@id\":\"https:\\\/\\\/shop.naturhaus-lanz.de\\\/en\\\/#\\\/schema\\\/logo\\\/image\\\/\",\"url\":\"https:\\\/\\\/shop.naturhaus-lanz.de\\\/wp-content\\\/uploads\\\/2023\\\/05\\\/Naturhaus_Lanz_Logo_RGB.png\",\"contentUrl\":\"https:\\\/\\\/shop.naturhaus-lanz.de\\\/wp-content\\\/uploads\\\/2023\\\/05\\\/Naturhaus_Lanz_Logo_RGB.png\",\"width\":312,\"height\":186,\"caption\":\"Naturhaus Lanz Shop\"},\"image\":{\"@id\":\"https:\\\/\\\/shop.naturhaus-lanz.de\\\/en\\\/#\\\/schema\\\/logo\\\/image\\\/\"},\"sameAs\":[\"https:\\\/\\\/www.facebook.com\\\/naturhauslanz\",\"https:\\\/\\\/www.instagram.com\\\/naturhaus_lanz\"]}]}<\/script>","yoast_head_json":{"title":"Return","robots":{"index":"noindex","follow":"follow"},"og_locale":"en_US","og_type":"article","og_title":"Return","og_url":"https:\/\/shop.naturhaus-lanz.de\/en\/return\/","og_site_name":"Naturhaus Lanz Shop","article_publisher":"https:\/\/www.facebook.com\/naturhauslanz","article_modified_time":"2023-08-28T14:27:40+00:00","twitter_card":"summary_large_image","twitter_misc":{"Est. reading time":"4 minutes"},"schema":{"@context":"https:\/\/schema.org","@graph":[{"@type":"WebPage","@id":"https:\/\/shop.naturhaus-lanz.de\/en\/return\/","url":"https:\/\/shop.naturhaus-lanz.de\/en\/return\/","name":"Widerrufsbelehrung - Naturhaus Lanz Shop","isPartOf":{"@id":"https:\/\/shop.naturhaus-lanz.de\/#website"},"datePublished":"2022-06-12T14:17:55+00:00","dateModified":"2023-08-28T14:27:40+00:00","breadcrumb":{"@id":"https:\/\/shop.naturhaus-lanz.de\/en\/return\/#breadcrumb"},"inLanguage":"en-US","potentialAction":[{"@type":"ReadAction","target":["https:\/\/shop.naturhaus-lanz.de\/en\/return\/"]}]},{"@type":"BreadcrumbList","@id":"https:\/\/shop.naturhaus-lanz.de\/en\/return\/#breadcrumb","itemListElement":[{"@type":"ListItem","position":1,"name":"Naturhaus Lanz Shop","item":"https:\/\/shop.naturhaus-lanz.de\/"},{"@type":"ListItem","position":2,"name":"Return"}]},{"@type":"WebSite","@id":"https:\/\/shop.naturhaus-lanz.de\/en\/#website","url":"https:\/\/shop.naturhaus-lanz.de\/en\/","name":"Naturhaus Lanz Shop","description":"Produkte f\u00fcr Ihr Blockhaus","publisher":{"@id":"https:\/\/shop.naturhaus-lanz.de\/en\/#organization"},"potentialAction":[{"@type":"SearchAction","target":{"@type":"EntryPoint","urlTemplate":"https:\/\/shop.naturhaus-lanz.de\/en\/?s={search_term_string}"},"query-input":{"@type":"PropertyValueSpecification","valueRequired":true,"valueName":"search_term_string"}}],"inLanguage":"en-US"},{"@type":"Organization","@id":"https:\/\/shop.naturhaus-lanz.de\/en\/#organization","name":"Naturhaus Lanz Shop","url":"https:\/\/shop.naturhaus-lanz.de\/en\/","logo":{"@type":"ImageObject","inLanguage":"en-US","@id":"https:\/\/shop.naturhaus-lanz.de\/en\/#\/schema\/logo\/image\/","url":"https:\/\/shop.naturhaus-lanz.de\/wp-content\/uploads\/2023\/05\/Naturhaus_Lanz_Logo_RGB.png","contentUrl":"https:\/\/shop.naturhaus-lanz.de\/wp-content\/uploads\/2023\/05\/Naturhaus_Lanz_Logo_RGB.png","width":312,"height":186,"caption":"Naturhaus Lanz Shop"},"image":{"@id":"https:\/\/shop.naturhaus-lanz.de\/en\/#\/schema\/logo\/image\/"},"sameAs":["https:\/\/www.facebook.com\/naturhauslanz","https:\/\/www.instagram.com\/naturhaus_lanz"]}]}},"_links":{"self":[{"href":"https:\/\/shop.naturhaus-lanz.de\/en\/wp-json\/wp\/v2\/pages\/210","targetHints":{"allow":["GET"]}}],"collection":[{"href":"https:\/\/shop.naturhaus-lanz.de\/en\/wp-json\/wp\/v2\/pages"}],"about":[{"href":"https:\/\/shop.naturhaus-lanz.de\/en\/wp-json\/wp\/v2\/types\/page"}],"author":[{"embeddable":true,"href":"https:\/\/shop.naturhaus-lanz.de\/en\/wp-json\/wp\/v2\/users\/1"}],"replies":[{"embeddable":true,"href":"https:\/\/shop.naturhaus-lanz.de\/en\/wp-json\/wp\/v2\/comments?post=210"}],"version-history":[{"count":0,"href":"https:\/\/shop.naturhaus-lanz.de\/en\/wp-json\/wp\/v2\/pages\/210\/revisions"}],"wp:attachment":[{"href":"https:\/\/shop.naturhaus-lanz.de\/en\/wp-json\/wp\/v2\/media?parent=210"}],"curies":[{"name":"wp","href":"https:\/\/api.w.org\/{rel}","templated":true}]}}